{"id":10,"date":"2019-07-08T01:06:38","date_gmt":"2019-07-07T23:06:38","guid":{"rendered":"http:\/\/lapocheaviolons.fr\/?page_id=10"},"modified":"2025-09-04T11:24:36","modified_gmt":"2025-09-04T09:24:36","slug":"contact","status":"publish","type":"page","link":"https:\/\/lapocheaviolons.fr\/?page_id=10","title":{"rendered":"Contact"},"content":{"rendered":"\n<p class=\"has-text-align-center has-text-color has-medium-font-size\" style=\"color:#c48f27\"><strong><em>Prenez toujours rendez-vous AVANT de venir \u00e0 l&rsquo;atelier.<\/em><\/strong><\/p>\n\n\n<div class=\"wp-block-image\">\n<figure class=\"aligncenter is-resized\"><img decoding=\"async\" loading=\"lazy\" src=\"https:\/\/lapocheaviolons.fr\/wp-content\/uploads\/2019\/08\/Atelier-1-1024x880.jpg\" alt=\"\" class=\"wp-image-32\" width=\"256\" height=\"220\"\/><\/figure><\/div>\n\n\n<p class=\"has-text-align-center\">L\u2019atelier La Poche \u00e0 Violons est situ\u00e9 au<\/p>\n\n\n\n<p class=\"has-text-align-center\"><strong>17 rue Jacques Cartier \u2013 85 000 La Roche sur Yon<\/strong>.<\/p>\n\n\n\n<p class=\"has-text-align-center\">Pour vous garantir le meilleur accueil,<\/p>\n\n\n\n<p class=\"has-text-align-center\">l\u2019atelier vous re\u00e7oit <strong>exclusivement sur rendez-vous.<\/strong><\/p>\n\n\n\n<p class=\"has-text-align-center\">Contactez-moi au <strong>02 49 85 21 12<\/strong> <\/p>\n\n\n\n<p class=\"has-text-align-center\">Ou en \u00e9crivant \u00e0 <strong>lapocheaviolons@gmail.com<\/strong><\/p>\n\n\n\n<div style=\"height:9px\" aria-hidden=\"true\" class=\"wp-block-spacer\"><\/div>\n\n\n\n<p><strong>INFO :<\/strong> Le carnet de commandes en <strong>R\u00c9PARATIONS<\/strong> est <strong>COMPLET<\/strong> pour les 3 ann\u00e9es \u00e0 venir. Vous pouvez contacter mes coll\u00e8gues \u00e0 ce sujet pour b\u00e9n\u00e9ficier d&rsquo;un d\u00e9lai de traitement raisonnable (<a href=\"https:\/\/lesluthiersdevendee.wordpress.com\/2014\/02\/01\/c-fondain\/\">Christine Fondain<\/a> ou <a rel=\"noreferrer noopener\" href=\"https:\/\/www.facebook.com\/anaispaponluthier\/\" target=\"_blank\">Ana\u00efs Papon<\/a> en Vend\u00e9e \/ <a href=\"https:\/\/www.location-violon.com\/\">Atelier du Quatuor<\/a> \u00e0 Nantes)<\/p>\n\n\n\n<p class=\"has-text-color\" style=\"color:#c48f27\"><strong>ACTUS :<\/strong> Nouveaut\u00e9 2023 pour la <strong>r\u00e9vision annuelle<\/strong> : \u00ab\u00a0Faites-la <strong>vous m\u00eame<\/strong>&#8230; mais pas tous seuls !\u00a0\u00bb Venez faire votre r\u00e9vision \u00e0 l&rsquo;atelier avec mon appui technique. <a href=\"https:\/\/lapocheaviolons.fr\/?page_id=239\">En savoir +<\/a><\/p>\n\n\n\n<div style=\"height:12px\" aria-hidden=\"true\" class=\"wp-block-spacer\"><\/div>\n\n\n\n<p>Venir <strong>en bus<\/strong> \u00e0 l\u2019atelier : arr\u00eat Mermoz Ligne 3 \/ arr\u00eat Point du Jour Lignes 1 et 3.<\/p>\n\n\n\n<p>Venir <strong>en v\u00e9lo<\/strong> \u00e0 l\u2019atelier : je vous offre une place de stationnement s\u00e9curis\u00e9e \u00e0 l\u2019int\u00e9rieur du garage.<\/p>\n\n\n\n<p>Venir <strong>en train \/ en car<\/strong> \u00e0 La Roche sur Yon : ligne directe depuis Paris (TGV). L\u2019atelier est \u00e0 15 mn \u00e0 pied depuis la gare SNCF \/ gare routi\u00e8re.<\/p>\n\n\n\n<p>Venir <strong>en voiture<\/strong> \u00e0 l\u2019atelier : Vous pouvez stationner dans la rue (zone bleue), ou stationner rue Gutenberg (= route de Nantes) pour trouver facilement une place \u2013 vous serez juste \u00e0 3 mn \u00e0 pied de l\u2019atelier.<\/p>\n","protected":false},"excerpt":{"rendered":"<p>Prenez toujours rendez-vous AVANT de venir \u00e0 l&rsquo;atelier. L\u2019atelier La Poche \u00e0 Violons est situ\u00e9 au 17 rue Jacques Cartier \u2013 85 000 La Roche sur Yon. Pour vous garantir le meilleur accueil, l\u2019atelier vous re\u00e7oit exclusivement sur rendez-vous. Contactez-moi au 02 49 85 21 12 Ou en \u00e9crivant \u00e0 lapocheaviolons@gmail.com INFO : Le carnet &hellip; <\/p>\n<p class=\"link-more\"><a href=\"https:\/\/lapocheaviolons.fr\/?page_id=10\" class=\"more-link\">Continuer la lecture<span class=\"screen-reader-text\"> de &laquo;&nbsp;Contact&nbsp;&raquo;<\/span><\/a><\/p>\n","protected":false},"author":1,"featured_media":0,"parent":0,"menu_order":7,"comment_status":"closed","ping_status":"closed","template":"","meta":[],"_links":{"self":[{"href":"https:\/\/lapocheaviolons.fr\/index.php?rest_route=\/wp\/v2\/pages\/10"}],"collection":[{"href":"https:\/\/lapocheaviolons.fr\/index.php?rest_route=\/wp\/v2\/pages"}],"about":[{"href":"https:\/\/lapocheaviolons.fr\/index.php?rest_route=\/wp\/v2\/types\/page"}],"author":[{"embeddable":true,"href":"https:\/\/lapocheaviolons.fr\/index.php?rest_route=\/wp\/v2\/users\/1"}],"replies":[{"embeddable":true,"href":"https:\/\/lapocheaviolons.fr\/index.php?rest_route=%2Fwp%2Fv2%2Fcomments&post=10"}],"version-history":[{"count":48,"href":"https:\/\/lapocheaviolons.fr\/index.php?rest_route=\/wp\/v2\/pages\/10\/revisions"}],"predecessor-version":[{"id":853,"href":"https:\/\/lapocheaviolons.fr\/index.php?rest_route=\/wp\/v2\/pages\/10\/revisions\/853"}],"wp:attachment":[{"href":"https:\/\/lapocheaviolons.fr\/index.php?rest_route=%2Fwp%2Fv2%2Fmedia&parent=10"}],"curies":[{"name":"wp","href":"https:\/\/api.w.org\/{rel}","templated":true}]}}