{"id":11,"date":"2019-07-08T01:06:38","date_gmt":"2019-07-07T23:06:38","guid":{"rendered":"http:\/\/lapocheaviolons.fr\/?page_id=11"},"modified":"2025-05-24T12:26:39","modified_gmt":"2025-05-24T10:26:39","slug":"actus","status":"publish","type":"page","link":"https:\/\/lapocheaviolons.fr\/?page_id=11","title":{"rendered":"Actus"},"content":{"rendered":"\n<h1 class=\"wp-block-heading has-text-color\" style=\"color:#d5a728\">Stage \u00ab\u00a0faites votre r\u00e9vision vous m\u00eame \u2013 mais pas tout.e seul.e !\u00a0\u00bb \u2013 23 ao\u00fbt 2025<\/h1>\n\n\n\n<p>Il reste une place pour le stage de r\u00e9vision de votre instrument le 23 ao\u00fbt de 9h \u00e0 13h. Toutes les infos en bas de la page <a href=\"https:\/\/stage-luthier-vendee.fr\/?page_id=131\">Stage Musiciens<\/a><\/p>\n\n\n\n<div style=\"height:49px\" aria-hidden=\"true\" class=\"wp-block-spacer\"><\/div>\n\n\n\n<p class=\"has-text-color\" style=\"color:#d5a728\"><strong>Stage \u00ab\u00a0musicien\u00a0\u00bb le 10\/12\/2022 &#8211; 10.30 \u00e0 12.00 &#8211; La Roche sur Yon<\/strong> &#8211; COMPLET<\/p>\n\n\n<div class=\"wp-block-image\">\n<figure class=\"aligncenter size-large\"><img decoding=\"async\" loading=\"lazy\" width=\"1024\" height=\"614\" src=\"https:\/\/lapocheaviolons.fr\/wp-content\/uploads\/2019\/08\/Stage-Musicien-1024x614.jpg\" alt=\"\" class=\"wp-image-115\"\/><\/figure><\/div>\n\n\n<p>Vous \u00eates musicien et vous souhaitez <strong>gagner en autonomie<\/strong> avec votre instrument (violon \u2013 alto \u2013 violoncelle) ? Savoir <strong>changer une corde<\/strong> et vous accorder ? De 10 \u00e0 90 ans, les <a href=\"http:\/\/stage-luthier-vendee.fr\/?page_id=131\">stages \u00ab&nbsp;musicien&nbsp;\u00bb<\/a> sont pour vous !<\/p>\n\n\n\n<p>Prochain stage \u00ab&nbsp;musicien&nbsp;\u00bb le 10 d\u00e9cembre 2022 &#8211; COMPLET &#8211; une autre date sera programm\u00e9e au printemps : toutes les infos sur <a href=\"http:\/\/stage-luthier-vendee.fr\/\"><strong>stage-luthier-vendee.fr<\/strong><\/a><\/p>\n\n\n\n<h1 class=\"wp-block-heading\"><a href=\"https:\/\/stage-luthier-vendee.fr\/?p=379\">Fabrication d\u2019un ARBRE \u00e0 MUSIQUE \u2013 \u00e9t\u00e9 2022<\/a><\/h1>\n\n\n<div class=\"wp-block-image\">\n<figure class=\"aligncenter size-large is-resized\"><img decoding=\"async\" loading=\"lazy\" src=\"https:\/\/lapocheaviolons.fr\/wp-content\/uploads\/2022\/06\/Arbre-a\u0300-musique-personnalise\u0301-petit.jpg\" alt=\"\" class=\"wp-image-621\" width=\"136\" height=\"201\" srcset=\"https:\/\/lapocheaviolons.fr\/wp-content\/uploads\/2022\/06\/Arbre-a\u0300-musique-personnalise\u0301-petit.jpg 272w, https:\/\/lapocheaviolons.fr\/wp-content\/uploads\/2022\/06\/Arbre-a\u0300-musique-personnalise\u0301-petit-203x300.jpg 203w\" sizes=\"(max-width: 136px) 100vw, 136px\" \/><figcaption class=\"wp-element-caption\">Arbre \u00e0 musique personnalis\u00e9<\/figcaption><\/figure><\/div>\n\n\n<p><strong>Samedi 23 juillet <\/strong>et <strong>dimanche 7 ao\u00fbt<\/strong> <strong>2022<\/strong><br>de 10h \u00e0 18h (avec une pause d\u00e9jeuner)<\/p>\n\n\n\n<p>Lieu : <a href=\"https:\/\/mingaco.fr\/\">La Boutique M\u00e9tiers d\u2019Art<\/a> \u2013 Salle de la Com\u00e8te \u2013 Mouchamps (Vend\u00e9e).<\/p>\n\n\n\n<p><em>\u00c0 partir de 15 ans + adultes = journ\u00e9e compl\u00e8te = fabrication de A \u00e0 Z<br>Pour les plus jeunes (10 \u00e0 14 ans)= demi-journ\u00e9e (de 14h \u00e0 18h) = fabrication simplifi\u00e9e<\/em><\/p>\n\n\n\n<p>Fabrication d\u2019un <strong>arbre \u00e0 musique<\/strong> avec les outils traditionnels du luthier.<br>Aucun pr\u00e9-requis. Bienveillance et simplicit\u00e9 sont de mise pour ce stage de d\u00e9couverte du travail du bois en toute s\u00e9curit\u00e9.<\/p>\n\n\n\n<p><em>Toutes les infos\/r\u00e9servation sur la page <a href=\"https:\/\/stage-luthier-vendee.fr\/?page_id=99\">STAGE BOIS<\/a>.<\/em><\/p>\n","protected":false},"excerpt":{"rendered":"<p>Stage \u00ab\u00a0faites votre r\u00e9vision vous m\u00eame \u2013 mais pas tout.e seul.e !\u00a0\u00bb \u2013 23 ao\u00fbt 2025 Il reste une place pour le stage de r\u00e9vision de votre instrument le 23 ao\u00fbt de 9h \u00e0 13h. Toutes les infos en bas de la page Stage Musiciens Stage \u00ab\u00a0musicien\u00a0\u00bb le 10\/12\/2022 &#8211; 10.30 \u00e0 12.00 &#8211; La &hellip; <\/p>\n<p class=\"link-more\"><a href=\"https:\/\/lapocheaviolons.fr\/?page_id=11\" class=\"more-link\">Continuer la lecture<span class=\"screen-reader-text\"> de &laquo;&nbsp;Actus&nbsp;&raquo;<\/span><\/a><\/p>\n","protected":false},"author":1,"featured_media":0,"parent":0,"menu_order":6,"comment_status":"closed","ping_status":"closed","template":"","meta":[],"_links":{"self":[{"href":"https:\/\/lapocheaviolons.fr\/index.php?rest_route=\/wp\/v2\/pages\/11"}],"collection":[{"href":"https:\/\/lapocheaviolons.fr\/index.php?rest_route=\/wp\/v2\/pages"}],"about":[{"href":"https:\/\/lapocheaviolons.fr\/index.php?rest_route=\/wp\/v2\/types\/page"}],"author":[{"embeddable":true,"href":"https:\/\/lapocheaviolons.fr\/index.php?rest_route=\/wp\/v2\/users\/1"}],"replies":[{"embeddable":true,"href":"https:\/\/lapocheaviolons.fr\/index.php?rest_route=%2Fwp%2Fv2%2Fcomments&post=11"}],"version-history":[{"count":25,"href":"https:\/\/lapocheaviolons.fr\/index.php?rest_route=\/wp\/v2\/pages\/11\/revisions"}],"predecessor-version":[{"id":840,"href":"https:\/\/lapocheaviolons.fr\/index.php?rest_route=\/wp\/v2\/pages\/11\/revisions\/840"}],"wp:attachment":[{"href":"https:\/\/lapocheaviolons.fr\/index.php?rest_route=%2Fwp%2Fv2%2Fmedia&parent=11"}],"curies":[{"name":"wp","href":"https:\/\/api.w.org\/{rel}","templated":true}]}}