{"id":239,"date":"2019-08-28T17:50:00","date_gmt":"2019-08-28T15:50:00","guid":{"rendered":"http:\/\/lapocheaviolons.fr\/?page_id=239"},"modified":"2025-09-04T11:46:33","modified_gmt":"2025-09-04T09:46:33","slug":"stages","status":"publish","type":"page","link":"https:\/\/lapocheaviolons.fr\/?page_id=239","title":{"rendered":"Stages"},"content":{"rendered":"\n<p class=\"has-medium-font-size\"><strong>Stage LES BASES DE L&rsquo;ENTRETIEN<\/strong> : prendre soin de son instrument, s&rsquo;accorder, changer une corde&#8230;<\/p>\n\n\n\n<div class=\"wp-block-media-text alignwide has-media-on-the-right is-stacked-on-mobile\" style=\"grid-template-columns:auto 53%\"><div class=\"wp-block-media-text__content\">\n<p class=\"has-medium-font-size\">Vous \u00eates musicien et vous souhaitez <strong>gagner en autonomie<\/strong> avec votre instrument (violon \u2013 alto \u2013 violoncelle) ? Savoir <strong>changer une corde<\/strong> et vous accorder ? De 10 \u00e0 90 ans, les <a href=\"http:\/\/stage-luthier-vendee.fr\/?page_id=131\">stages \u00ab&nbsp;musicien&nbsp;\u00bb<\/a> sont pour vous !<\/p>\n<\/div><figure class=\"wp-block-media-text__media\"><img decoding=\"async\" loading=\"lazy\" width=\"1024\" height=\"614\" src=\"https:\/\/lapocheaviolons.fr\/wp-content\/uploads\/2019\/08\/Stage-Musicien-1024x614.jpg\" alt=\"\" class=\"wp-image-115 size-full\"\/><\/figure><\/div>\n\n\n\n<p>Prochain stage \u00ab\u00a0musicien\u00a0\u00bb \u00e0 l&rsquo;automne 2024 : toutes les infos sur <strong> <\/strong><a href=\"http:\/\/stage-luthier-vendee.fr\/\"><strong>stage-luthier-vendee.fr<\/strong><\/a><\/p>\n\n\n\n<blockquote class=\"wp-block-quote\">\n<p class=\"has-text-align-center\">Lors du stage \u00ab entretien \u00bb avec Anne-Lise, nous avons appris, en duo m\u00e8re et fille, une bonne quantit\u00e9 de secrets, de trucs et d\u2019astuces concernant nos instruments. Nous nous sentons d\u00e9sormais plus autonomes en cas de probl\u00e8me ! Merci pour ce stage premiers secours ;)) &#8211; nov. 2023 &#8211; M.C.<\/p>\n<\/blockquote>\n\n\n\n<div style=\"height:50px\" aria-hidden=\"true\" class=\"wp-block-spacer\"><\/div>\n\n\n\n<p class=\"has-medium-font-size\"><strong>Stage R\u00c9VISION<\/strong> : faites-la vous m\u00eame&#8230; mais pas tous seuls !<\/p>\n\n\n\n<div class=\"wp-block-media-text alignwide has-media-on-the-right is-stacked-on-mobile\"><div class=\"wp-block-media-text__content\">\n<p class=\"has-medium-font-size\">Venez faire la <strong>r\u00e9vision<\/strong> de votre violon, alto ou violoncelle<strong> \u00e0 l&rsquo;atelier<\/strong> et avec <strong>mes conseils<\/strong>. Vous ferez la majorit\u00e9 du travail, je reste pr\u00e9sente pour les <strong>gestes techniques<\/strong>. De 15 \u00e0 90 ans.<\/p>\n<\/div><figure class=\"wp-block-media-text__media\"><img decoding=\"async\" loading=\"lazy\" width=\"398\" height=\"301\" src=\"https:\/\/lapocheaviolons.fr\/wp-content\/uploads\/2021\/03\/tete.png\" alt=\"\" class=\"wp-image-490 size-full\" srcset=\"https:\/\/lapocheaviolons.fr\/wp-content\/uploads\/2021\/03\/tete.png 398w, https:\/\/lapocheaviolons.fr\/wp-content\/uploads\/2021\/03\/tete-300x227.png 300w\" sizes=\"(max-width: 398px) 100vw, 398px\" \/><\/figure><\/div>\n\n\n\n<p>Des dates tout au long de l&rsquo;ann\u00e9e : toutes les infos sur <strong> <\/strong><a href=\"http:\/\/stage-luthier-vendee.fr\/\"><strong>stage-luthier-vendee.fr<\/strong><\/a><\/p>\n\n\n\n<div style=\"height:63px\" aria-hidden=\"true\" class=\"wp-block-spacer\"><\/div>\n\n\n\n<p class=\"has-medium-font-size\"><strong>Stage BOIS<\/strong> : d\u00e9couvrir le <strong>travail du bois<\/strong><\/p>\n\n\n\n<div class=\"wp-block-media-text alignwide is-stacked-on-mobile\" style=\"grid-template-columns:26% auto\"><figure class=\"wp-block-media-text__media\"><img decoding=\"async\" loading=\"lazy\" width=\"272\" height=\"402\" src=\"https:\/\/lapocheaviolons.fr\/wp-content\/uploads\/2022\/06\/Arbre-a\u0300-musique-personnalise\u0301-petit.jpg\" alt=\"\" class=\"wp-image-621 size-full\" srcset=\"https:\/\/lapocheaviolons.fr\/wp-content\/uploads\/2022\/06\/Arbre-a\u0300-musique-personnalise\u0301-petit.jpg 272w, https:\/\/lapocheaviolons.fr\/wp-content\/uploads\/2022\/06\/Arbre-a\u0300-musique-personnalise\u0301-petit-203x300.jpg 203w\" sizes=\"(max-width: 272px) 100vw, 272px\" \/><\/figure><div class=\"wp-block-media-text__content\">\n<p class=\"has-medium-font-size\">Envie d&rsquo;apprendre \u00e0 <strong>manier les outils<\/strong> de l\u2019\u00e9b\u00e9niste et du <strong>luthier<\/strong> ? De d\u00e9couvrir l&rsquo;univers des <strong>m\u00e9tiers d&rsquo;art<\/strong> ?<\/p>\n\n\n\n<p class=\"has-medium-font-size\">Venez <strong>fabriquer un ARBRE \u00e0 MUSIQUE<\/strong>*, un <strong>CALE-PIQUE<\/strong> ou une <strong>FEUILLE d&rsquo;ARBRE <\/strong>\u00e0 l&rsquo;atelier lors d&rsquo;un <a href=\"http:\/\/stage-luthier-vendee.fr\/?page_id=99\">stage BOIS<\/a>  !<\/p>\n\n\n\n<p>* arbre \u00e0 musique = bo\u00eete \u00e0 musique en forme d&rsquo;arbre<\/p>\n<\/div><\/div>\n\n\n\n<p class=\"has-text-color\" style=\"color:#c48f27\"><strong>Vous souhaitez en savoir plus sur les STAGES&#8230; Visitez mon site d\u00e9di\u00e9 : <\/strong><a href=\"http:\/\/stage-luthier-vendee.fr\/\"><strong>stage-luthier-vendee.fr<\/strong><\/a><\/p>\n\n\n\n<div style=\"height:25px\" aria-hidden=\"true\" class=\"wp-block-spacer\"><\/div>\n\n\n\n<p><em><strong>INFO :<\/strong> je ne peux pas vous apprendre \u00e0 <strong>r\u00e9parer un violon<\/strong>, car cela n\u00e9cessite des centaines d&rsquo;heures de pratique et un outillage sp\u00e9cifique. Vous donner quelques conseils rapides serait hasardeux : si vous \u00eates en possession d&rsquo;un instrument qui est ab\u00eem\u00e9, le vrai conseil est de le <strong>confier \u00e0 un professionnel<\/strong>.<\/em><\/p>\n","protected":false},"excerpt":{"rendered":"<p>Stage LES BASES DE L&rsquo;ENTRETIEN : prendre soin de son instrument, s&rsquo;accorder, changer une corde&#8230; Vous \u00eates musicien et vous souhaitez gagner en autonomie avec votre instrument (violon \u2013 alto \u2013 violoncelle) ? Savoir changer une corde et vous accorder ? De 10 \u00e0 90 ans, les stages \u00ab&nbsp;musicien&nbsp;\u00bb sont pour vous ! Prochain stage &hellip; <\/p>\n<p class=\"link-more\"><a href=\"https:\/\/lapocheaviolons.fr\/?page_id=239\" class=\"more-link\">Continuer la lecture<span class=\"screen-reader-text\"> de &laquo;&nbsp;Stages&nbsp;&raquo;<\/span><\/a><\/p>\n","protected":false},"author":1,"featured_media":0,"parent":0,"menu_order":0,"comment_status":"closed","ping_status":"closed","template":"","meta":[],"_links":{"self":[{"href":"https:\/\/lapocheaviolons.fr\/index.php?rest_route=\/wp\/v2\/pages\/239"}],"collection":[{"href":"https:\/\/lapocheaviolons.fr\/index.php?rest_route=\/wp\/v2\/pages"}],"about":[{"href":"https:\/\/lapocheaviolons.fr\/index.php?rest_route=\/wp\/v2\/types\/page"}],"author":[{"embeddable":true,"href":"https:\/\/lapocheaviolons.fr\/index.php?rest_route=\/wp\/v2\/users\/1"}],"replies":[{"embeddable":true,"href":"https:\/\/lapocheaviolons.fr\/index.php?rest_route=%2Fwp%2Fv2%2Fcomments&post=239"}],"version-history":[{"count":30,"href":"https:\/\/lapocheaviolons.fr\/index.php?rest_route=\/wp\/v2\/pages\/239\/revisions"}],"predecessor-version":[{"id":873,"href":"https:\/\/lapocheaviolons.fr\/index.php?rest_route=\/wp\/v2\/pages\/239\/revisions\/873"}],"wp:attachment":[{"href":"https:\/\/lapocheaviolons.fr\/index.php?rest_route=%2Fwp%2Fv2%2Fmedia&parent=239"}],"curies":[{"name":"wp","href":"https:\/\/api.w.org\/{rel}","templated":true}]}}