{"id":418,"date":"2021-03-08T11:28:15","date_gmt":"2021-03-08T10:28:15","guid":{"rendered":"http:\/\/lapocheaviolons.fr\/?page_id=418"},"modified":"2022-06-17T00:12:08","modified_gmt":"2022-06-16T22:12:08","slug":"guide-du-jeune-musicien","status":"publish","type":"page","link":"https:\/\/lapocheaviolons.fr\/?page_id=418","title":{"rendered":"Guide du jeune musicien"},"content":{"rendered":"\n<h2 class=\"has-text-align-center wp-block-heading\">Guide du jeune musicien<\/h2>\n\n\n\n<div class=\"wp-block-image\"><figure class=\"aligncenter size-large is-resized\"><img decoding=\"async\" loading=\"lazy\" src=\"https:\/\/lapocheaviolons.fr\/wp-content\/uploads\/2021\/03\/Logo.png\" alt=\"\" class=\"wp-image-409\" width=\"200\" height=\"200\" srcset=\"https:\/\/lapocheaviolons.fr\/wp-content\/uploads\/2021\/03\/Logo.png 400w, https:\/\/lapocheaviolons.fr\/wp-content\/uploads\/2021\/03\/Logo-300x300.png 300w, https:\/\/lapocheaviolons.fr\/wp-content\/uploads\/2021\/03\/Logo-150x150.png 150w, https:\/\/lapocheaviolons.fr\/wp-content\/uploads\/2021\/03\/Logo-100x100.png 100w\" sizes=\"(max-width: 200px) 100vw, 200px\" \/><\/figure><\/div>\n\n\n\n<h2 class=\"has-text-align-center wp-block-heading\">Prendre soin de son violon, alto ou violoncelle<\/h2>\n\n\n\n<p class=\"has-text-align-center\"><em>Ce texte est libre de copie et de diffusion. Merci de mentionner la source sur vos documents : La Poche \u00e0 Violons, A. Mabire.<\/em><\/p>\n\n\n\n<h2 class=\"wp-block-heading\">Une petite introduction<\/h2>\n\n\n\n<p><a href=\"https:\/\/lapocheaviolons.fr\/?page_id=49\">Violons<\/a>, altos et violoncelles sont membres de la famille des <strong>cordes frott\u00e9es.<\/strong> Cette grande famille compte aussi la contrebasse, les pochettes, les violes, le nyckelharpa su\u00e9dois, le rebab arabe, le ravanastron indien\u00a0 &#8211; et bien d&rsquo;autres encore &#8211; parmi ses membres.<br> S&rsquo;ils sont <strong>bien entretenus<\/strong> chez le luthier, ces instruments peuvent vivre bien plus longtemps que nous : le plus ancien violon a presque <strong>500 ans<\/strong> !<\/p>\n\n\n\n<p> Pour lui permettre de chanter et r\u00e9sister aux assauts du temps, les luthiers ont fa\u00e7onn\u00e9 un instrument d\u00e9licat, robuste et complexe, compos\u00e9 d&rsquo;une <strong>soixantaine de pi\u00e8ces de bois<\/strong>. <br> Aussi, toutes les r\u00e9parations et la majeure partie de l&rsquo;entretien doivent \u00eatre r\u00e9alis\u00e9es par un <strong>luthier professionnel<\/strong>. Lui seul poss\u00e8de les connaissances, les outils et le savoir-faire n\u00e9cessaires pour mener \u00e0 bien chaque r\u00e9paration.<br> Toutefois, il y a de nombreuses choses auxquelles <strong>vous pouvez veiller<\/strong> afin que votre instrument soit toujours au meilleur de sa forme, et en limitant les co\u00fbts de r\u00e9paration.<\/p>\n\n\n\n<p> Il est pr\u00e9f\u00e9rable de faire r\u00e9viser votre instrument <strong>une fois par an<\/strong>, \u00e0 un co\u00fbt raisonnable, plut\u00f4t que de devoir r\u00e9gler une facture cons\u00e9quente lorsqu&rsquo;il faudra r\u00e9parer des ann\u00e9es de n\u00e9gligence.<\/p>\n\n\n\n<h2 class=\"wp-block-heading\">Recommandations g\u00e9n\u00e9rales<\/h2>\n\n\n\n<p><strong> Nettoyage<\/strong><br><br>Pour  que l&rsquo;instrument reste propre comme au premier jour, il faut le  nettoyer syst\u00e9matiquement quand on a fini de jouer. Utilisez un <strong>chiffon doux et sec<\/strong>.<br>\u266a ne mettez pas d&rsquo;alcool \u2013 ni quoi que ce soit d&rsquo;autre \u2013 sur le chiffon : vous risquez de faire fondre le vernis !<br><br><strong> Chaleur \/ humidit\u00e9<\/strong><br><br>Comme nous, l&rsquo;instrument supporte mal les extr\u00eames de temp\u00e9rature et les changements brusques. Si vous devez le transporter, sa <strong>bo\u00eete <\/strong>est le meilleur rempart contre le froid et les chocs. Mais c&rsquo;est surtout la chaleur et la <strong>s\u00e9cheresse<\/strong>  (de l&rsquo;air) qui sont \u00e0 proscrire. Ne laissez jamais votre instrument  (m\u00eame dans sa bo\u00eete) en plein soleil, dans une voiture en \u00e9t\u00e9 ou encore  le long d&rsquo;un radiateur en hiver. <br>\u266a pour conserver une humidit\u00e9 constante, vous pouvez utiliser un <strong>humidificateur<\/strong> (Dampit\u00ae).<\/p>\n\n\n\n<p><strong>D\u00e9collages \/ fractures<\/strong><br><br>Si vous constatez des d\u00e9collages (bords, touche, manche), ou l&rsquo;apparition d&rsquo;une <a href=\"https:\/\/lapocheaviolons.fr\/?page_id=72\">fracture<\/a> (cassure), d\u00e9tendez les cordes et apportez l&rsquo;instrument le plus <strong>rapidement <\/strong>possible chez votre luthier : plus vite on le recolle, moins il y aura de d\u00e9g\u00e2ts. S&rsquo;il y a de la <a href=\"https:\/\/lapocheaviolons.fr\/?page_id=72\">casse<\/a>, <strong>conservez tous les morceaux <\/strong>et confiez-les nous avec l&rsquo;instrument : il sera peut-\u00eatre possible de les recoller, ce qui \u00e9vite une r\u00e9paration plus co\u00fbteuse.<br>\u266a n&rsquo;essayez pas de recoller vous m\u00eame : nous utilisons <strong>une colle et des outils sp\u00e9ciaux<\/strong>.<\/p>\n\n\n\n<p><strong>Sonorit\u00e9<\/strong><br><br>Votre instrument est en bois : c&rsquo;est un <strong>mat\u00e9riau vivant<\/strong>, sensible aux variations de temp\u00e9rature et d&rsquo;hygrom\u00e9trie.<br>\u266a il <a href=\"https:\/\/lapocheaviolons.fr\/?page_id=447\">sonne<\/a> diff\u00e9remment selon qu&rsquo;il pleuve ou qu&rsquo;il vente !<br>Toutefois, si vous constatez une perte de qualit\u00e9 sonore constante c&rsquo;est signe qu&rsquo;il a besoin d&rsquo;\u00eatre <a href=\"https:\/\/lapocheaviolons.fr\/?page_id=447\">r\u00e9gl\u00e9 <\/a>par un luthier pour retrouver toute sa voix. Prenez alors <a rel=\"noreferrer noopener\" aria-label=\" (opens in a new tab)\" href=\"https:\/\/lapocheaviolons.fr\/index.php\/contact\/\" target=\"_blank\">rendez-<\/a><a href=\"https:\/\/lapocheaviolons.fr\/?page_id=10\">vous<\/a><a rel=\"noreferrer noopener\" aria-label=\" (opens in a new tab)\" href=\"https:\/\/lapocheaviolons.fr\/index.php\/contact\/\" target=\"_blank\"> \u00e0 l&rsquo;atelier<\/a> pour un <strong>r\u00e9glage<\/strong> personnalis\u00e9.<br><br><strong> Bo\u00eete<\/strong><br><br>La bo\u00eete est con\u00e7ue pour <strong>transporter et prot\u00e9ger<\/strong> votre instrument. Ne transportez rien de plus dans la partie r\u00e9serv\u00e9e \u00e0 l&rsquo;instrument : cela risque de l&rsquo;ab\u00eemer. <br>\u266a utilisez plut\u00f4t les compartiments pr\u00e9vus pour recevoir le coussin et la colophane, ainsi que la pochette pour les partitions. <\/p>\n\n\n\n<h2 class=\"wp-block-heading\">L&rsquo;entretien en d\u00e9tails<\/h2>\n\n\n\n<p><strong> Chevilles<\/strong><\/p>\n\n\n\n<figure class=\"wp-block-image size-large is-resized\"><img decoding=\"async\" src=\"https:\/\/lapocheaviolons.fr\/wp-content\/uploads\/2021\/03\/tete.png\" alt=\"\" class=\"wp-image-490\" width=\"211\" srcset=\"https:\/\/lapocheaviolons.fr\/wp-content\/uploads\/2021\/03\/tete.png 398w, https:\/\/lapocheaviolons.fr\/wp-content\/uploads\/2021\/03\/tete-300x227.png 300w\" sizes=\"(max-width: 398px) 100vw, 398px\" \/><figcaption>t\u00eate de violon avec les 4 chevilles pour s&rsquo;accorder<\/figcaption><\/figure>\n\n\n\n<p>Chaque cheville est adapt\u00e9e au trou dans lequel elle s&rsquo;ins\u00e8re. Elle doit tourner ais\u00e9ment. Dans le cas contraire, il faut la \u00a0\u00bb <strong>graisser<\/strong>  \u00a0\u00bb en utilisant de la craie et du savon. Un peu de craie pour les  chevilles qui ne tiennent pas <a href=\"https:\/\/lapocheaviolons.fr\/?page_id=449\">l&rsquo;accord<\/a> ; un peu de savon sec (savon de  Marseille) pour celles qui sont trop dures.<br>Si elles ne tournent toujours pas correctement apr\u00e8s le graissage, elles ont besoin d&rsquo;un <strong>r\u00e9ajustage <\/strong>effectu\u00e9<a href=\"https:\/\/lapocheaviolons.fr\/?page_id=10\"> \u00e0 l&rsquo;atelier<\/a>. <br>\u266a Si vous tentez de les faire tenir en force = vous risquez de casser le chevillier.<\/p>\n\n\n\n<p><strong> Sillet du haut <\/strong><\/p>\n\n\n\n<figure class=\"wp-block-image size-large is-resized\"><img decoding=\"async\" src=\"https:\/\/lapocheaviolons.fr\/wp-content\/uploads\/2021\/03\/sillet-haut.png\" alt=\"\" class=\"wp-image-489\" width=\"211\" srcset=\"https:\/\/lapocheaviolons.fr\/wp-content\/uploads\/2021\/03\/sillet-haut.png 323w, https:\/\/lapocheaviolons.fr\/wp-content\/uploads\/2021\/03\/sillet-haut-300x225.png 300w\" sizes=\"(max-width: 323px) 100vw, 323px\" \/><figcaption>sillet du haut<\/figcaption><\/figure>\n\n\n\n<p>C&rsquo;est  une petite pi\u00e8ce d&rsquo;\u00e9b\u00e8ne situ\u00e9e entre le chevillier et le haut de la  touche. Les cordes reposent sur le sillet du haut dans de petits sillons  sp\u00e9cialement <strong>calibr\u00e9s<\/strong>. S&rsquo;ils sont tr\u00e8s (= trop !) profonds, demandez l&rsquo;avis de votre <a href=\"https:\/\/lapocheaviolons.fr\/?page_id=10\">luthier<\/a>.<br>Enfin, ces sillons doivent \u00eatre lubrifi\u00e9s r\u00e9guli\u00e8rement avec du graphite (crayon). <br>\u266a lubrifiez <strong>un seul sillon<\/strong> \u00e0 la fois.<\/p>\n\n\n\n<p><strong>  Touche<\/strong><\/p>\n\n\n\n<figure class=\"wp-block-image size-large is-resized\"><img decoding=\"async\" src=\"https:\/\/lapocheaviolons.fr\/wp-content\/uploads\/2021\/03\/touche.jpg\" alt=\"\" class=\"wp-image-491\" width=\"211\" srcset=\"https:\/\/lapocheaviolons.fr\/wp-content\/uploads\/2021\/03\/touche.jpg 319w, https:\/\/lapocheaviolons.fr\/wp-content\/uploads\/2021\/03\/touche-224x300.jpg 224w\" sizes=\"(max-width: 319px) 100vw, 319px\" \/><figcaption>touche de violon<\/figcaption><\/figure>\n\n\n\n<p>Pour \u00f4ter les <strong>marques d&rsquo;usure<\/strong> et les <strong>bosses<\/strong>  de la touche, il est n\u00e9cessaire que votre luthier effectue un  redressage de touche (au rabot). Vous oublierez alors les bruits  parasites et retrouverez un grand confort de jeu !<br>\u266a <strong>violoncellistes<\/strong> : ne soyez pas tent\u00e9s d&rsquo;utiliser la touche comme poign\u00e9e de transport !<\/p>\n\n\n\n<p><strong>Cordes<\/strong><\/p>\n\n\n\n<figure class=\"wp-block-image size-large is-resized\"><img decoding=\"async\" src=\"https:\/\/lapocheaviolons.fr\/wp-content\/uploads\/2021\/03\/cordes.jpg\" alt=\"\" class=\"wp-image-487\" width=\"211\"\/><figcaption>Jeux de cordes usag\u00e9es<\/figcaption><\/figure>\n\n\n\n<p>Elles doivent \u00eatre<strong> nettoy\u00e9es<\/strong> apr\u00e8s chaque utilisation, toujours avec un chiffon sec.<br>Avec la pratique, elles s&rsquo;usent et perdent leurs qualit\u00e9s sonores : nous vous recommandons de les changer <strong>une fois par an<\/strong>. Pour ne pas faire tomber l&rsquo;\u00e2me ou le chevalet, changez les <strong>une par une<\/strong> ; ne les croisez pas dans le chevillier. <br>\u266a les cordes modernes sont <strong>solides<\/strong> : si elles <strong>cassent<\/strong> souvent, consultez votre luthier.<\/p>\n\n\n\n<p><strong> \u00c2me <\/strong><\/p>\n\n\n\n<figure class=\"wp-block-image size-large is-resized\"><img decoding=\"async\" src=\"https:\/\/lapocheaviolons.fr\/wp-content\/uploads\/2021\/03\/ame.jpg\" alt=\"\" class=\"wp-image-492\" width=\"211\" srcset=\"https:\/\/lapocheaviolons.fr\/wp-content\/uploads\/2021\/03\/ame.jpg 381w, https:\/\/lapocheaviolons.fr\/wp-content\/uploads\/2021\/03\/ame-300x225.jpg 300w\" sizes=\"(max-width: 381px) 100vw, 381px\" \/><figcaption>vue de l&rsquo;\u00e2me<\/figcaption><\/figure>\n\n\n\n<p>L&rsquo;\u00e2me n&rsquo;est <strong>pas coll\u00e9e<\/strong> en place : elle n\u00e9cessite un ajustage tr\u00e8s pr\u00e9cis pour optimiser la sonorit\u00e9 de votre instrument. Si elle <a href=\"https:\/\/lapocheaviolons.fr\/?page_id72\">tombe<\/a>, d\u00e9tendez imm\u00e9diatement les cordes et apportez l&rsquo;instrument <a href=\"https:\/\/lapocheaviolons.fr\/?page_id=10\">\u00e0 votre luthier<\/a>.<\/p>\n\n\n\n<p><strong> Chevalet<\/strong><\/p>\n\n\n\n<figure class=\"wp-block-image size-large is-resized\"><img decoding=\"async\" src=\"https:\/\/lapocheaviolons.fr\/wp-content\/uploads\/2021\/03\/chevalet-guide.png\" alt=\"\" class=\"wp-image-453\" width=\"211\" srcset=\"https:\/\/lapocheaviolons.fr\/wp-content\/uploads\/2021\/03\/chevalet-guide.png 384w, https:\/\/lapocheaviolons.fr\/wp-content\/uploads\/2021\/03\/chevalet-guide-300x209.png 300w\" sizes=\"(max-width: 384px) 100vw, 384px\" \/><figcaption>chevalet de violon<\/figcaption><\/figure>\n\n\n\n<p>Le chevalet non plus n&rsquo;est <strong>pas coll\u00e9<\/strong> : il tient en place avec la <strong>pression des cordes<\/strong>. <br>Pour \u00e9viter que cette pression ne l&rsquo;use pr\u00e9matur\u00e9ment, deux&nbsp; points \u00e0 surveiller :<br>&#8211; les cordes fines ont tendance \u00e0 p\u00e9n\u00e9trer dans le chevalet. Si cela arrive, demandez \u00e0 votre luthier de coller une<strong> protection sous les cordes aigu\u00ebs<\/strong> (co\u00fbt minime).<br>&#8211; l&rsquo;accordage tire sur le haut du chevalet. Avec le temps, il va se <strong>voiler<\/strong> (puis casser).<br>\u266a <strong>v\u00e9rifiez r\u00e9guli\u00e8rement<\/strong> (surtout apr\u00e8s un accordage important) que le dos du chevalet (c\u00f4t\u00e9 cordier) est bien<strong> perpendiculaire \u00e0 la table<\/strong>.<\/p>\n\n\n\n<p><strong> Cordier<\/strong><\/p>\n\n\n\n<figure class=\"wp-block-image size-large is-resized\"><img decoding=\"async\" src=\"https:\/\/lapocheaviolons.fr\/wp-content\/uploads\/2021\/03\/cordier.jpg\" alt=\"\" class=\"wp-image-488\" width=\"211\" srcset=\"https:\/\/lapocheaviolons.fr\/wp-content\/uploads\/2021\/03\/cordier.jpg 300w, https:\/\/lapocheaviolons.fr\/wp-content\/uploads\/2021\/03\/cordier-212x300.jpg 212w\" sizes=\"(max-width: 300px) 100vw, 300px\" \/><figcaption>cordier \u00ab\u00a0tulipe\u00a0\u00bb<\/figcaption><\/figure>\n\n\n\n<p>Pensez \u00e0 <strong>d\u00e9visser compl\u00e8tement<\/strong>  les vis de r\u00e9glage de temps \u00e0 autre et <a href=\"https:\/\/lapocheaviolons.fr\/?page_id=449\">r\u00e9accordez<\/a> votre instrument en  utilisant les chevilles. Si les vis de r\u00e9glage coincent, d\u00e9vissez-les  enti\u00e8rement et mettez une goutte d&rsquo;huile de vaseline \u00e0 l&rsquo;extr\u00e9mit\u00e9 du  pas de vis, puis revissez-les.<br>\u266a v\u00e9rifiez que les vis sont bien \u00a0\u00bb en prise \u00a0\u00bb sinon elles vont causer un bruit d\u00e9sagr\u00e9able.<\/p>\n\n\n\n<p><strong>Archet<\/strong><\/p>\n\n\n\n<figure class=\"wp-block-image size-large is-resized\"><img decoding=\"async\" src=\"https:\/\/lapocheaviolons.fr\/wp-content\/uploads\/2021\/03\/archet-1024x474.png\" alt=\"\" class=\"wp-image-493\" width=\"300\"\/><\/figure>\n\n\n\n<p>Trois recommandations : <\/p>\n\n\n\n<p>&#8211; colophaner r\u00e9guli\u00e8rement la m\u00e8che pour qu&rsquo;elle accroche bien sur les cordes,<\/p>\n\n\n\n<p>&#8211; ne jamais toucher la m\u00e8che avec les doigts : cela la graisse,<\/p>\n\n\n\n<p>&#8211; <strong>d\u00e9tendre syst\u00e9matiquement<\/strong>\n l&rsquo;archet apr\u00e8s avoir jou\u00e9 : si l&rsquo;archet reste tendu, il va perdre le \ncambre donn\u00e9 \u00e0 la baguette et donc perdre de son efficacit\u00e9.<\/p>\n\n\n\n<p><br>\u266a si la m\u00e8che commence \u00e0 perdre son \u00a0\u00bb mordant \u00a0\u00bb c&rsquo;est qu&rsquo;il est temps de la changer ! Prenez rendez-vous chez un archetier pour un <strong>rem\u00e9chage<\/strong>.<\/p>\n","protected":false},"excerpt":{"rendered":"<p>Guide du jeune musicien Prendre soin de son violon, alto ou violoncelle Ce texte est libre de copie et de diffusion. Merci de mentionner la source sur vos documents : La Poche \u00e0 Violons, A. Mabire. Une petite introduction Violons, altos et violoncelles sont membres de la famille des cordes frott\u00e9es. Cette grande famille compte &hellip; <\/p>\n<p class=\"link-more\"><a href=\"https:\/\/lapocheaviolons.fr\/?page_id=418\" class=\"more-link\">Continuer la lecture<span class=\"screen-reader-text\"> de &laquo;&nbsp;Guide du jeune musicien&nbsp;&raquo;<\/span><\/a><\/p>\n","protected":false},"author":1,"featured_media":0,"parent":0,"menu_order":0,"comment_status":"closed","ping_status":"closed","template":"","meta":[],"_links":{"self":[{"href":"https:\/\/lapocheaviolons.fr\/index.php?rest_route=\/wp\/v2\/pages\/418"}],"collection":[{"href":"https:\/\/lapocheaviolons.fr\/index.php?rest_route=\/wp\/v2\/pages"}],"about":[{"href":"https:\/\/lapocheaviolons.fr\/index.php?rest_route=\/wp\/v2\/types\/page"}],"author":[{"embeddable":true,"href":"https:\/\/lapocheaviolons.fr\/index.php?rest_route=\/wp\/v2\/users\/1"}],"replies":[{"embeddable":true,"href":"https:\/\/lapocheaviolons.fr\/index.php?rest_route=%2Fwp%2Fv2%2Fcomments&post=418"}],"version-history":[{"count":30,"href":"https:\/\/lapocheaviolons.fr\/index.php?rest_route=\/wp\/v2\/pages\/418\/revisions"}],"predecessor-version":[{"id":686,"href":"https:\/\/lapocheaviolons.fr\/index.php?rest_route=\/wp\/v2\/pages\/418\/revisions\/686"}],"wp:attachment":[{"href":"https:\/\/lapocheaviolons.fr\/index.php?rest_route=%2Fwp%2Fv2%2Fmedia&parent=418"}],"curies":[{"name":"wp","href":"https:\/\/api.w.org\/{rel}","templated":true}]}}