{"id":447,"date":"2021-03-08T12:23:49","date_gmt":"2021-03-08T11:23:49","guid":{"rendered":"http:\/\/lapocheaviolons.fr\/?page_id=447"},"modified":"2025-09-04T12:23:07","modified_gmt":"2025-09-04T10:23:07","slug":"reglage","status":"publish","type":"page","link":"https:\/\/lapocheaviolons.fr\/?page_id=447","title":{"rendered":"R\u00e9glage"},"content":{"rendered":"\n<p>Chaque  instrument poss\u00e8de une <strong>sonorit\u00e9<\/strong> et un caract\u00e8re qui lui sont propres.  Un r\u00e9glage pertinent lui permet de <strong>d\u00e9velopper<\/strong>\u00a0tout son <strong>potentiel<\/strong>.<\/p>\n\n\n\n<figure class=\"wp-block-gallery has-nested-images columns-default is-cropped wp-block-gallery-1 is-layout-flex\">\n<figure class=\"wp-block-image size-large\"><img decoding=\"async\" loading=\"lazy\" width=\"500\" height=\"375\" data-id=\"461\"  src=\"https:\/\/lapocheaviolons.fr\/wp-content\/uploads\/2021\/03\/2011_10-Chevalet-cello-07-e1655376222346.jpg\" alt=\"\" class=\"wp-image-461\"\/><figcaption class=\"wp-element-caption\">HAUTEUR DE CORDE<\/figcaption><\/figure>\n\n\n\n<figure class=\"wp-block-image size-large\"><img decoding=\"async\" loading=\"lazy\" width=\"384\" height=\"267\" data-id=\"453\"  src=\"https:\/\/lapocheaviolons.fr\/wp-content\/uploads\/2021\/03\/chevalet-guide.png\" alt=\"\" class=\"wp-image-453\" srcset=\"https:\/\/lapocheaviolons.fr\/wp-content\/uploads\/2021\/03\/chevalet-guide.png 384w, https:\/\/lapocheaviolons.fr\/wp-content\/uploads\/2021\/03\/chevalet-guide-300x209.png 300w\" sizes=\"(max-width: 384px) 100vw, 384px\" \/><figcaption class=\"wp-element-caption\">CHEVALET<\/figcaption><\/figure>\n\n\n\n<figure class=\"wp-block-image size-large\"><img decoding=\"async\" loading=\"lazy\" width=\"381\" height=\"286\" data-id=\"492\"  src=\"https:\/\/lapocheaviolons.fr\/wp-content\/uploads\/2021\/03\/ame.jpg\" alt=\"\" class=\"wp-image-492\" srcset=\"https:\/\/lapocheaviolons.fr\/wp-content\/uploads\/2021\/03\/ame.jpg 381w, https:\/\/lapocheaviolons.fr\/wp-content\/uploads\/2021\/03\/ame-300x225.jpg 300w\" sizes=\"(max-width: 381px) 100vw, 381px\" \/><figcaption class=\"wp-element-caption\">\u00c2ME<\/figcaption><\/figure>\n<\/figure>\n\n\n\n<p><mark style=\"background-color:#fcb900\" class=\"has-inline-color\">Pour faire un bon r\u00e9glage :<\/mark><\/p>\n\n\n\n<p>Prenez une (corde) pinc\u00e9e de musique, accompagn\u00e9e par son musicien.<\/p>\n\n\n\n<p>Ajoutez-y un doigt de sensibilit\u00e9 et m\u00e9langez avec la&nbsp;rigueur du <a href=\"https:\/\/lapocheaviolons.fr\/?page_id=9\">luthier.<\/a><\/p>\n\n\n\n<p>Pour&nbsp;obtenir une note plus \u00e9pic\u00e9(a), n&rsquo;h\u00e9sitez pas \u00e0 cuisiner le <a href=\"https:\/\/lapocheaviolons.fr\/?page_id=451\" target=\"_blank\" rel=\"noreferrer noopener\">cheval(et)<\/a> \u00e0 vous mettre en cheville avec ceux qui sont du c\u00f4t\u00e9 du manche.<\/p>\n\n\n\n<p>Et pour \u00e2me-\u00e9liorer le rendu final,\u00a0liez le tout avec vos cordes pr\u00e9f\u00e9r\u00e9es.<\/p>\n\n\n\n<p>Reste \u00e0 vous mettre de m\u00e8che avec votre baguette et le tour est jou\u00e9 !<\/p>\n\n\n\n<p>Conseil : Le meilleur\u00a0moment pour\u00a0d\u00e9guster un bon r\u00e9glage c&rsquo;est un d\u00eener-concert.<\/p>\n","protected":false},"excerpt":{"rendered":"<p>Chaque instrument poss\u00e8de une sonorit\u00e9 et un caract\u00e8re qui lui sont propres. Un r\u00e9glage pertinent lui permet de d\u00e9velopper\u00a0tout son potentiel. Pour faire un bon r\u00e9glage : Prenez une (corde) pinc\u00e9e de musique, accompagn\u00e9e par son musicien. Ajoutez-y un doigt de sensibilit\u00e9 et m\u00e9langez avec la&nbsp;rigueur du luthier. Pour&nbsp;obtenir une note plus \u00e9pic\u00e9(a), n&rsquo;h\u00e9sitez pas &hellip; <\/p>\n<p class=\"link-more\"><a href=\"https:\/\/lapocheaviolons.fr\/?page_id=447\" class=\"more-link\">Continuer la lecture<span class=\"screen-reader-text\"> de &laquo;&nbsp;R\u00e9glage&nbsp;&raquo;<\/span><\/a><\/p>\n","protected":false},"author":1,"featured_media":0,"parent":0,"menu_order":0,"comment_status":"closed","ping_status":"closed","template":"","meta":[],"_links":{"self":[{"href":"https:\/\/lapocheaviolons.fr\/index.php?rest_route=\/wp\/v2\/pages\/447"}],"collection":[{"href":"https:\/\/lapocheaviolons.fr\/index.php?rest_route=\/wp\/v2\/pages"}],"about":[{"href":"https:\/\/lapocheaviolons.fr\/index.php?rest_route=\/wp\/v2\/types\/page"}],"author":[{"embeddable":true,"href":"https:\/\/lapocheaviolons.fr\/index.php?rest_route=\/wp\/v2\/users\/1"}],"replies":[{"embeddable":true,"href":"https:\/\/lapocheaviolons.fr\/index.php?rest_route=%2Fwp%2Fv2%2Fcomments&post=447"}],"version-history":[{"count":7,"href":"https:\/\/lapocheaviolons.fr\/index.php?rest_route=\/wp\/v2\/pages\/447\/revisions"}],"predecessor-version":[{"id":913,"href":"https:\/\/lapocheaviolons.fr\/index.php?rest_route=\/wp\/v2\/pages\/447\/revisions\/913"}],"wp:attachment":[{"href":"https:\/\/lapocheaviolons.fr\/index.php?rest_route=%2Fwp%2Fv2%2Fmedia&parent=447"}],"curies":[{"name":"wp","href":"https:\/\/api.w.org\/{rel}","templated":true}]}}