{"id":449,"date":"2021-03-08T12:24:38","date_gmt":"2021-03-08T11:24:38","guid":{"rendered":"http:\/\/lapocheaviolons.fr\/?page_id=449"},"modified":"2025-09-04T12:23:48","modified_gmt":"2025-09-04T10:23:48","slug":"accorder","status":"publish","type":"page","link":"https:\/\/lapocheaviolons.fr\/?page_id=449","title":{"rendered":"Accorder son violon, alto ou violoncelle"},"content":{"rendered":"\n<p>Pour en apprendre plus, venez participer au <a rel=\"noreferrer noopener\" href=\"https:\/\/stage-luthier-vendee.fr\/?page_id=131\" target=\"_blank\">prochain stage<\/a> \u00ab\u00a0LES BASES DE L&rsquo;ENTRETIEN\u00a0\u00bb&#8230;<\/p>\n\n\n\n<p class=\"has-text-color\" style=\"color:#c48f27\"><strong><em>OUPS !<\/em><\/strong> <strong><em>Cette page est en cours de r\u00e9daction, veuillez excuser les erreurs qui peuvent s&rsquo;y \u00eatre gliss\u00e9es !<\/em><br><\/strong><\/p>\n\n\n\n<figure class=\"wp-block-image size-large\"><img decoding=\"async\" loading=\"lazy\" width=\"398\" height=\"301\" src=\"https:\/\/lapocheaviolons.fr\/wp-content\/uploads\/2021\/03\/tete.png\" alt=\"\" class=\"wp-image-490\" srcset=\"https:\/\/lapocheaviolons.fr\/wp-content\/uploads\/2021\/03\/tete.png 398w, https:\/\/lapocheaviolons.fr\/wp-content\/uploads\/2021\/03\/tete-300x227.png 300w\" sizes=\"(max-width: 398px) 100vw, 398px\" \/><figcaption class=\"wp-element-caption\">ACCORDER<\/figcaption><\/figure>\n\n\n\n<p><strong>Avant tout&#8230;<\/strong><br><br>   Que faire quand votre instrument est d\u00e9saccord\u00e9 ? Si l&rsquo;\u00e9cart entre la note juste et la note obtenue avec votre instrument est faible, je vous conseille d&rsquo;utiliser les tendeurs = vis de r\u00e9glage fin &#8211; qui sont positionn\u00e9es sur votre cordier. Voir le paragraphe \u00ab\u00a0Avec les tendeurs :  le r\u00e9glage fin\u00a0\u00bb<br><br>&nbsp;&nbsp; &nbsp;Si votre cordier n&rsquo;est pas muni de tendeurs, ou si l&rsquo;\u00e9cart de justesse est trop important, il faut utiliser les chevilles qui sont plac\u00e9es sur la t\u00eate de l&rsquo;instrument. Si les cordes  sont compl\u00e8tement d\u00e9tendues, c&rsquo;est aussi avec les chevilles que vous allez r\u00e9accorder votre instrument. Voir le paragraphe \u00ab\u00a0Avec les  chevilles\u00a0\u00bb<br><br>&nbsp;&nbsp; &nbsp;Dans tous les cas, vous pouvez vous accorder \u00e0  l&rsquo;oreille ou \u00e0 l&rsquo;aide d&rsquo;un accordeur. Il se fait aujourd&rsquo;hui des petits mod\u00e8les \u00e9lectroniques tr\u00e8s pratiques pour un budget modique (moins de 20  \u20ac). Voir le paragraphe \u00ab\u00a0Apprendre \u00e0 s&rsquo;accorder \u00e0 l&rsquo;oreille\u00a0\u00bb<\/p>\n\n\n\n<p><strong>Avec les tendeurs : le r\u00e9glage fin<\/strong><br><br>&nbsp;&nbsp; &nbsp;Les tendeurs fix\u00e9s sur le cordier permettent un r\u00e9glage rapide de la justesse de la corde.<br><br>&nbsp;&nbsp;  &nbsp;Pour \u00ab\u00a0monter\u00a0\u00bb la note, il faut tourner la vis dans le sens des aiguilles d&rsquo;une montre (= visser). Pour \u00ab\u00a0baisser\u00a0\u00bb la note, tourner dans l&rsquo;autre sens (= d\u00e9visser). <br><br>&nbsp;&nbsp; &nbsp;Attention, quand le tendeur est  trop d\u00e9viss\u00e9 il n&rsquo;est plus en contact avec sa patte (sous le cordier) :  elle va&nbsp; se mettre en vibration en m\u00eame temps que les cordes et cr\u00e9er un  bruit parasite. Pour corriger ce d\u00e9faut, il suffit de visser toutes les vis de r\u00e9glage de mani\u00e8re \u00e0 ce qu&rsquo;elles se trouvent \u00ab\u00a0en prise\u00a0\u00bb sur leur patte, c&rsquo;est-\u00e0-dire qu&rsquo;on rencontre une l\u00e9g\u00e8re r\u00e9sistance lorsqu&rsquo;on visse.<br><br>&nbsp;&nbsp; &nbsp;Avec le temps, un instrument accord\u00e9 en utilisant uniquement les tendeurs verra immanquablement toutes les vis serr\u00e9es  contre le cordier. Cette situation ne permet plus aucun r\u00e9glage. Dans ce  cas, il convient de les d\u00e9visser (attention, il faut quand m\u00eame  qu&rsquo;elles restent en prise sur leur patte) puis d&rsquo;accorder l&rsquo;instrument avec les chevilles. Voir le paragraphe \u00ab\u00a0Avec les chevilles\u00a0\u00bb.<\/p>\n\n\n\n<p><strong>Avec les chevilles<\/strong><br><br>&nbsp;&nbsp;\n &nbsp;Les chevilles ont un fonctionnement basique. En regardant de pr\u00e8s, \nvous remarquerez que la cheville est conique, tout comme le trou dans \nlequel elle s&rsquo;ins\u00e8re. Cela permet un r\u00e9glage en finesse, adapt\u00e9 quelques\n soient les conditions ext\u00e9rieures. Explication : la cheville est \nconique donc plus je la pousse dans son trou (fl\u00e8che ci-dessous), plus \nla force n\u00e9cessaire pour la faire tourner sur elle-m\u00eame est grande. \nAinsi, elle peut r\u00e9sister \u00e0 la tension de la corde.<\/p>\n\n\n\n<p><br>&nbsp;&nbsp; &nbsp;En pratique, voici comment s&rsquo;accorder avec les chevilles par \u00e9tapes :<br>&nbsp;&nbsp; &nbsp;&#8211; rep\u00e9rer la cheville qui actionne la corde \u00e0 accorder.<br>&nbsp;&nbsp;  &nbsp;&#8211; d\u00e9tendre l\u00e9g\u00e8rement la corde en tournant la cheville (Violon : MI et  LA en sens anti-horaire ; R\u00c9 et SOL en sens horaire &#8211; Alto et cello :  LA et R\u00c9 en sens anti-horaire ; SOL et DO en sens horaire) : peu  importe que la note soit trop haute ou trop basse, d\u00e9tendre la corde  permet de d\u00e9bloquer la cheville (si je la d\u00e9bloque en tendant la corde,  je risque d&rsquo;aller trop loin et de casser la corde).<br>&nbsp;&nbsp; &nbsp;&#8211; tourner la  cheville pour faire monter la note jusqu&rsquo;\u00e0 la hauteur d\u00e9sir\u00e9e, en  exer\u00e7ant en m\u00eame temps une pression vers le chevillier, de mani\u00e8re \u00e0  bien enfoncer le c\u00f4ne de la cheville dans son trou. De cette mani\u00e8re, la cheville sera bien bloqu\u00e9e en position lorsque la note sera juste.<br>&nbsp;&nbsp; &nbsp;&#8211; finir l&rsquo;accord fin avec les tendeurs si besoin.<br><br>Attention  : je vous conseille d&rsquo;atteindre la note en tendant la corde, car dans  le cas contraire (= en d\u00e9tendant) il est possible que la note continue  de \u00ab\u00a0descendre\u00a0\u00bb un peu apr\u00e8s l&rsquo;accord.<br><br>Les chevilles sont faites  pour tourner sans \u00e0-coup, de mani\u00e8re homog\u00e8ne. Si ce n&rsquo;est pas le cas,  elles ont besoin d&rsquo;\u00eatre graiss\u00e9es. Voir le paragraphe \u00ab\u00a0Pourquoi graisser  les chevilles\u00a0\u00bb.<br><br>Si les chevilles ne tiennent pas en place, v\u00e9rifiez d&rsquo;abord que vous avez bien exerc\u00e9 une pression contre le chevillier (de mani\u00e8re \u00e0 enfoncer la cheville dans son trou). Il n&rsquo;y a  pas besoin de forcer, simplement de bien appuyer. Si elles ne tiennent toujours pas, ou qu&rsquo;elles tournent difficilement, les chevilles peuvent avoir besoin d&rsquo;\u00eatre graiss\u00e9es. Voir le paragraphe \u00ab\u00a0Pourquoi graisser les  chevilles\u00a0\u00bb<\/p>\n\n\n\n<p><strong>Que faire quand les cordes sont d\u00e9tendues ?<\/strong><br><br>&nbsp;&nbsp;  &nbsp;Si une ou plusieurs cordes sont compl\u00e8tement d\u00e9tendues, il est n\u00e9cessaire de commencer par r\u00e9-enrouler chaque corde autour de sa cheville. Voir le paragraphe \u00ab\u00a0Changer une corde\u00a0\u00bb.<br><br>&nbsp;&nbsp; &nbsp;Si toutes  les cordes sont d\u00e9tendues, je vous conseille de prendre rendez-vous chez le luthier. Dans ce cas, l&rsquo;instrument se retrouve hors tension. Certaines pi\u00e8ces ne sont pas coll\u00e9es car il est n\u00e9cessaire qu&rsquo;elles  soient libres pour vibrer. Elles tiennent en place seulement sous la  tension des cordes. Ainsi, quand toutes les cordes sont d\u00e9tendues, il est possible que le chevalet et\/ou l&rsquo;\u00e2me aient chang\u00e9 de place. <br><br>&nbsp;&nbsp;  &nbsp;Seul un luthier poss\u00e8de le savoir-faire et les outils pour effectuer les v\u00e9rifications et corrections n\u00e9cessaires dans ce cas.<br><br><strong>Pourquoi les instruments se d\u00e9saccordent-ils souvent en hiver ?<\/strong><br><br>Les  chevilles \u00ab\u00a0l\u00e2chent\u00a0\u00bb plus souvent en hiver \u00e0 cause des variations  d&rsquo;humidit\u00e9 (temps froid et sec puis pluie&#8230;). Le bois gonfle lors des  \u00e9pisodes humides puis se r\u00e9tracte par temps sec. L&rsquo;ajustage des  chevilles dans le chevillier est un ajustage conique \u00ab\u00a0bois sur bois\u00a0\u00bb.  Lorsque le bois de la cheville se r\u00e9tracte, son diam\u00e8tre diminue alors  la pression (= force de frottement) exerc\u00e9e contre le chevillier n&rsquo;est  plus suffisante pour maintenir la corde en tension. C&rsquo;est \u00e0 ce moment  que la corde se d\u00e9tend compl\u00e8tement.<\/p>\n\n\n\n<p><strong>Changer une corde<\/strong><\/p>\n\n\n\n<p><em>R\u00e9daction en cours&#8230;<\/em><\/p>\n\n\n\n<p><strong>Pourquoi pas des m\u00e9caniques ?<\/strong><br><br>&nbsp;&nbsp;  &nbsp;Le syst\u00e8me d&rsquo;accord par cheville est un syst\u00e8me tr\u00e8s ancien. \u00c0  l&rsquo;\u00e9poque de \u00ab\u00a0l&rsquo;invention\u00a0\u00bb du violon, au XVI\u00b0 s, les artisans habilit\u00e9s \u00e0  travailler le bois avaient interdiction de travailler les autres  mat\u00e9riaux. En cons\u00e9quence, il leur \u00e9tait impossible de concevoir des m\u00e9caniques en m\u00e9tal, comme celles d&rsquo;une guitare.<\/p>\n\n\n\n<p><strong>Apprendre \u00e0 s&rsquo;accorder \u00e0 l&rsquo;oreille<\/strong><br><br>&nbsp;&nbsp;  &nbsp;S&rsquo;accorder \u00e0 l&rsquo;oreille demande un peu d&rsquo;habitude. Par pr\u00e9caution, pour d\u00e9buter dans cette pratique, munissez-vous d&rsquo;un accordeur \u00e9lectronique. Pour obtenir des r\u00e9sultats rapides, exercez-vous quotidiennement apr\u00e8s votre s\u00e9ance de pratique instrumentale.<br><br><br>Pour les plus t\u00e9m\u00e9raires, commencez par d\u00e9saccorder votre instrument.<br><br>&nbsp;&nbsp;  &nbsp;La corde de r\u00e9f\u00e9rence est la corde de LA, accord\u00e9e en 440 ou 442 Hz. C&rsquo;est la note du diapason. C&rsquo;est par la corde de LA que d\u00e9bute l&rsquo;accord :  faites sonner votre diapason (ou accordeur) et ajustez la hauteur de  votre corde, en utilisant les tendeurs ou les chevilles (comme expliqu\u00e9  au verso). Une fois que vous \u00eates satisfait du r\u00e9sultat \u00e0 l&rsquo;oreille, v\u00e9rifiez avec l&rsquo;accordeur \u00e9lectronique, et corrigez si n\u00e9cessaire.<br><br>&nbsp;&nbsp;  &nbsp;Dans un deuxi\u00e8me temps, accordez le R\u00c9 via une double corde LA-R\u00c9 (jouez les deux cordes en m\u00eame temps). C&rsquo;est une quinte juste, un intervalle que notre oreille reconnait bien. Faites plusieurs essais \u00e0  l&rsquo;oreille. Quand vous \u00eates satisfait, vous pouvez v\u00e9rifier avec  l&rsquo;accordeur \u00e9lectronique.<br><br>&nbsp;&nbsp; &nbsp;Accordez ensuite le SOL (via R\u00c9-SOL) puis le MI (via LA-MI) de la m\u00eame mani\u00e8re. <br><br>&nbsp;&nbsp;  &nbsp;\u00c0 chaque essai, prenez le temps d&rsquo;\u00e9couter l&rsquo;intervalle obtenu lorsque  vous v\u00e9rifiez avec l&rsquo;accordeur. Cela aidera votre oreille \u00e0 \u00ab\u00a0comprendre\u00a0\u00bb ce qu&rsquo;est un intervalle juste. Ainsi, au fil du temps, vous n&rsquo;aurez plus besoin de l&rsquo;accordeur.<\/p>\n\n\n\n<p><strong>Pourquoi graisser les chevilles ?<\/strong><br><br>&nbsp;&nbsp; &nbsp;Cette op\u00e9ration courante permet aux chevilles de coulisser ais\u00e9ment dans leur trou pour un accordage facile.<br><br><br>&nbsp;&nbsp; &nbsp;Voici toutes les situations qui n\u00e9cessitent un graissage de chevilles :<br>&#8211; des \u00ab\u00a0crans\u00a0\u00bb quand elles tournent, <br>&#8211; elles se d\u00e9sserrent toutes seules, <br>&#8211; elles ne tiennent pas l&rsquo;accord,<br>&#8211; vous avez du mal \u00e0 les faire tourner.<br><br>&nbsp;&nbsp;  &nbsp;Le graissage consiste \u00e0 appliquer alternativement du savon (de  Marseille, bien sec) et de la craie sur les zones de frottement de la cheville (on les voit bien car elles sont lisses et brillantes). Si la  cheville est trop \u00ab\u00a0l\u00e2che\u00a0\u00bb, j&rsquo;applique davantage de craie. Au contraire, si elle a tendance \u00e0 se bloquer, j&rsquo;applique davantage de savon. Entre chaque produit (craie ou savon), je fais tourner la cheville dans son trou (une dizaine de tours). Pour que la cheville tourne bien, je finis toujours par appliquer un peu de savon. Cette op\u00e9ration simple peut \u00eatre r\u00e9alis\u00e9e par le musicien lui-m\u00eame.<br><br><br>&nbsp;&nbsp; &nbsp;Le graissage sera compl\u00e9t\u00e9 par un r\u00e9-ajustage si le c\u00f4ne des chevilles est trop irr\u00e9gulier. C&rsquo;est le  luthier qui se charge de cette op\u00e9ration plus d\u00e9licate.<\/p>\n","protected":false},"excerpt":{"rendered":"<p>Pour en apprendre plus, venez participer au prochain stage \u00ab\u00a0LES BASES DE L&rsquo;ENTRETIEN\u00a0\u00bb&#8230; OUPS ! Cette page est en cours de r\u00e9daction, veuillez excuser les erreurs qui peuvent s&rsquo;y \u00eatre gliss\u00e9es ! Avant tout&#8230; Que faire quand votre instrument est d\u00e9saccord\u00e9 ? Si l&rsquo;\u00e9cart entre la note juste et la note obtenue avec votre instrument &hellip; <\/p>\n<p class=\"link-more\"><a href=\"https:\/\/lapocheaviolons.fr\/?page_id=449\" class=\"more-link\">Continuer la lecture<span class=\"screen-reader-text\"> de &laquo;&nbsp;Accorder son violon, alto ou violoncelle&nbsp;&raquo;<\/span><\/a><\/p>\n","protected":false},"author":1,"featured_media":0,"parent":0,"menu_order":0,"comment_status":"closed","ping_status":"closed","template":"","meta":[],"_links":{"self":[{"href":"https:\/\/lapocheaviolons.fr\/index.php?rest_route=\/wp\/v2\/pages\/449"}],"collection":[{"href":"https:\/\/lapocheaviolons.fr\/index.php?rest_route=\/wp\/v2\/pages"}],"about":[{"href":"https:\/\/lapocheaviolons.fr\/index.php?rest_route=\/wp\/v2\/types\/page"}],"author":[{"embeddable":true,"href":"https:\/\/lapocheaviolons.fr\/index.php?rest_route=\/wp\/v2\/users\/1"}],"replies":[{"embeddable":true,"href":"https:\/\/lapocheaviolons.fr\/index.php?rest_route=%2Fwp%2Fv2%2Fcomments&post=449"}],"version-history":[{"count":10,"href":"https:\/\/lapocheaviolons.fr\/index.php?rest_route=\/wp\/v2\/pages\/449\/revisions"}],"predecessor-version":[{"id":914,"href":"https:\/\/lapocheaviolons.fr\/index.php?rest_route=\/wp\/v2\/pages\/449\/revisions\/914"}],"wp:attachment":[{"href":"https:\/\/lapocheaviolons.fr\/index.php?rest_route=%2Fwp%2Fv2%2Fmedia&parent=449"}],"curies":[{"name":"wp","href":"https:\/\/api.w.org\/{rel}","templated":true}]}}