{"id":451,"date":"2021-03-08T12:25:40","date_gmt":"2021-03-08T11:25:40","guid":{"rendered":"http:\/\/lapocheaviolons.fr\/?page_id=451"},"modified":"2022-06-17T00:20:28","modified_gmt":"2022-06-16T22:20:28","slug":"taille-dun-chevalet","status":"publish","type":"page","link":"https:\/\/lapocheaviolons.fr\/?page_id=451","title":{"rendered":"Tailler un chevalet"},"content":{"rendered":"\n<div class=\"wp-block-image\"><figure class=\"aligncenter size-large is-resized\"><img decoding=\"async\" loading=\"lazy\" src=\"https:\/\/lapocheaviolons.fr\/wp-content\/uploads\/2021\/03\/2011_10-Chevalet-cello-13-771x1024.jpg\" alt=\"\" class=\"wp-image-467\" width=\"193\" height=\"256\"\/><figcaption>Chevalet de violoncelle<\/figcaption><\/figure><\/div>\n\n\n\n<p>Le <strong>chevalet<\/strong>, pi\u00e8ce d&rsquo;<strong>\u00e9rable<\/strong> qui soutient les cordes, est une pi\u00e8ce primordiale dans la transmission du <strong>son de l&rsquo;instrument<\/strong>. L&rsquo;<strong>ajustage<\/strong> de ses pieds, sa <strong>hauteur<\/strong>, son <strong>\u00e9paisseur<\/strong> et la <strong>taille<\/strong> finale sont autant de param\u00e8tres qui influent sur la sonorit\u00e9 de l&rsquo;instrument. Un <strong>travail soign\u00e9<\/strong> lors de la r\u00e9alisation du chevalet assure au musicien une grande <strong>facilit\u00e9 de jeu<\/strong> (technique) et une palette <strong>sonore aussi riche<\/strong> que possible (acoustique).<\/p>\n\n\n\n<p>Voici un <strong>reportage photo<\/strong> complet sur les diff\u00e9rentes \u00e9tapes de la <strong>r\u00e9alisation d&rsquo;un chevalet de violoncelle<\/strong> (taille 1\/2, les cotes exprim\u00e9es par la suite correspondent \u00e0 cette taille).<\/p>\n\n\n\n<div class=\"wp-block-image\"><figure class=\"aligncenter size-large is-resized\"><img decoding=\"async\" loading=\"lazy\" src=\"https:\/\/lapocheaviolons.fr\/wp-content\/uploads\/2021\/03\/2011_10-Chevalet-cello-30-1024x768.jpg\" alt=\"\" class=\"wp-image-484\" width=\"256\" height=\"192\"\/><\/figure><\/div>\n\n\n\n<p><\/p>\n\n\n\n<p>Pour  chaque instrument, je choisis le chevalet \u00ab\u00a0brut\u00a0\u00bb adapt\u00e9. Il existe de  nombreux mod\u00e8les qui d\u00e9clinent les qualit\u00e9s de bois, de hauteur du  coeur, et largeur de pieds. Alors, en fonction de la <strong>qualit\u00e9<\/strong> de  l&rsquo;instrument, du renversement, de la position de la barre d&rsquo;harmonie et  des ff, je <strong>s\u00e9lectionne<\/strong> le mod\u00e8le ad\u00e9quat.<\/p>\n\n\n\n<p>Je  diminue d&rsquo;abord l&rsquo;<strong>\u00e9paisseur<\/strong> des pieds (11 mm) au rabot. Je positionne  l&rsquo;\u00e9carteur de pieds qui vient remplacer la pression des cordes : sous  l&rsquo;effet de leur tension, les cordes \u00ab\u00a0appuient\u00a0\u00bb sur le chevalet donc ses  pieds s&rsquo;\u00e9cartent de 1 \u00e0 2 mm. L&rsquo;\u00e9carteur permet de maintenir les pieds  en position pour les ajuster parfaitement \u00e0 la vo\u00fbte de l&rsquo;instrument.<\/p>\n\n\n\n<p>Je  <strong>positionne<\/strong> le chevalet sur le violoncelle en posant des rep\u00e8res  (auto-collants pour ne pas ab\u00eemer le vernis) de part et d&rsquo;autre. Il doit  \u00eatre centr\u00e9 par rapport \u00e0 la touche, aux ou\u00efes et positionn\u00e9  relativement \u00e0 la barre d&rsquo;harmonie (c\u00f4t\u00e9 graves) et \u00e0 l&rsquo;\u00e2me (si elle est  d\u00e9j\u00e0 en place, c\u00f4t\u00e9 aigus).<\/p>\n\n\n\n<figure class=\"wp-block-gallery columns-4 is-cropped wp-block-gallery-1 is-layout-flex\"><ul class=\"blocks-gallery-grid\"><li class=\"blocks-gallery-item\"><figure><img decoding=\"async\" src=\"https:\/\/lapocheaviolons.fr\/wp-content\/uploads\/2021\/03\/2011_10-Chevalet-cello-00.jpg\" alt=\"\" data-id=\"455\" data-full-url=\"https:\/\/lapocheaviolons.fr\/wp-content\/uploads\/2021\/03\/2011_10-Chevalet-cello-00.jpg\" data-link=\"https:\/\/lapocheaviolons.fr\/2011_10-chevalet-cello-00\/\" class=\"wp-image-455\"\/><figcaption class=\"blocks-gallery-item__caption\">CHEVALET BRUT<\/figcaption><\/figure><\/li><li class=\"blocks-gallery-item\"><figure><img decoding=\"async\" loading=\"lazy\" width=\"418\" height=\"318\" src=\"https:\/\/lapocheaviolons.fr\/wp-content\/uploads\/2021\/03\/2011_10-Chevalet-cello-06.jpg\" alt=\"\" data-id=\"460\" data-full-url=\"https:\/\/lapocheaviolons.fr\/wp-content\/uploads\/2021\/03\/2011_10-Chevalet-cello-06.jpg\" data-link=\"https:\/\/lapocheaviolons.fr\/2011_10-chevalet-cello-06\/\" class=\"wp-image-460\" srcset=\"https:\/\/lapocheaviolons.fr\/wp-content\/uploads\/2021\/03\/2011_10-Chevalet-cello-06.jpg 418w, https:\/\/lapocheaviolons.fr\/wp-content\/uploads\/2021\/03\/2011_10-Chevalet-cello-06-300x228.jpg 300w\" sizes=\"(max-width: 418px) 100vw, 418px\" \/><figcaption class=\"blocks-gallery-item__caption\">EMPLACEMENT<\/figcaption><\/figure><\/li><li class=\"blocks-gallery-item\"><figure><img decoding=\"async\" src=\"https:\/\/lapocheaviolons.fr\/wp-content\/uploads\/2021\/03\/2011_10-Chevalet-cello-08.jpg\" alt=\"\" data-id=\"462\" data-full-url=\"https:\/\/lapocheaviolons.fr\/wp-content\/uploads\/2021\/03\/2011_10-Chevalet-cello-08.jpg\" data-link=\"https:\/\/lapocheaviolons.fr\/2011_10-chevalet-cello-08\/\" class=\"wp-image-462\"\/><figcaption class=\"blocks-gallery-item__caption\">HAUTEUR DE CORDE<\/figcaption><\/figure><\/li><li class=\"blocks-gallery-item\"><figure><img decoding=\"async\" src=\"https:\/\/lapocheaviolons.fr\/wp-content\/uploads\/2021\/03\/2011_10-Chevalet-cello-07.jpg\" alt=\"\" data-id=\"461\" data-full-url=\"https:\/\/lapocheaviolons.fr\/wp-content\/uploads\/2021\/03\/2011_10-Chevalet-cello-07.jpg\" data-link=\"https:\/\/lapocheaviolons.fr\/2011_10-chevalet-cello-07\/\" class=\"wp-image-461\"\/><figcaption class=\"blocks-gallery-item__caption\">HAUTEUR DE CORDE<\/figcaption><\/figure><\/li><\/ul><\/figure>\n\n\n\n<p>J&rsquo;<strong>ajuste<\/strong>  les pieds au canif, exactement \u00e0 la vo\u00fbte existante, en tenant compte  des d\u00e9formations qui s&rsquo;y trouvent (chocs, usure du vernis, patine du  temps, etc.). Il faut aussi que l&rsquo;arri\u00e8re du chevalet soit  perpendiculaire \u00e0 la vo\u00fbte.<\/p>\n\n\n\n<p>Lorsque  cet ajustage est optimal, je peux donner la <strong>hauteur du chevalet<\/strong>. Ici,  je reporte 5 mm sur la corde aigu\u00eb et 7 mm sur la corde grave. En m\u00eame  temps, je reporte la rondeur (courbure) standard qui doit r\u00e9pondre \u00e0 la  courbe de la touche. Une hauteur de corde correcte et une <strong>bonne rondeur<\/strong>  permettent un jeu ais\u00e9 (cordes proches de la touche mais sans zinguer,  \u00e9cart coh\u00e9rent entre les cordes, rondeur agr\u00e9able sous l&rsquo;archet).<\/p>\n\n\n\n<p>Apr\u00e8s  la hauteur, je donne l&rsquo;<strong>\u00e9paisseur finale<\/strong> : le haut du chevalet va en  s&rsquo;amenuisant jusqu&rsquo;\u00e0 2 \u00e0 3 mm (sur les mod\u00e8les d&rsquo;\u00e9tude). La face bomb\u00e9e  est dirig\u00e9e vers la touche. <\/p>\n\n\n\n<figure class=\"wp-block-gallery columns-3 is-cropped wp-block-gallery-3 is-layout-flex\"><ul class=\"blocks-gallery-grid\"><li class=\"blocks-gallery-item\"><figure><img decoding=\"async\" loading=\"lazy\" width=\"1024\" height=\"768\" src=\"https:\/\/lapocheaviolons.fr\/wp-content\/uploads\/2021\/03\/2011_10-Chevalet-cello-09-1024x768.jpg\" alt=\"\" data-id=\"463\" data-full-url=\"https:\/\/lapocheaviolons.fr\/wp-content\/uploads\/2021\/03\/2011_10-Chevalet-cello-09.jpg\" data-link=\"https:\/\/lapocheaviolons.fr\/2011_10-chevalet-cello-09\/\" class=\"wp-image-463\"\/><figcaption class=\"blocks-gallery-item__caption\">D\u00c9GROSSI \u00c9PAISSEUR<\/figcaption><\/figure><\/li><li class=\"blocks-gallery-item\"><figure><img decoding=\"async\" loading=\"lazy\" width=\"1024\" height=\"768\" src=\"https:\/\/lapocheaviolons.fr\/wp-content\/uploads\/2021\/03\/2011_10-Chevalet-cello-10-1024x768.jpg\" alt=\"\" data-id=\"464\" data-full-url=\"https:\/\/lapocheaviolons.fr\/wp-content\/uploads\/2021\/03\/2011_10-Chevalet-cello-10.jpg\" data-link=\"https:\/\/lapocheaviolons.fr\/2011_10-chevalet-cello-10\/\" class=\"wp-image-464\"\/><figcaption class=\"blocks-gallery-item__caption\">RABOTAGE \u00c9PAISSEUR<\/figcaption><\/figure><\/li><li class=\"blocks-gallery-item\"><figure><img decoding=\"async\" loading=\"lazy\" width=\"1024\" height=\"768\" src=\"https:\/\/lapocheaviolons.fr\/wp-content\/uploads\/2021\/03\/2011_10-Chevalet-cello-11-1024x768.jpg\" alt=\"\" data-id=\"465\" data-full-url=\"https:\/\/lapocheaviolons.fr\/wp-content\/uploads\/2021\/03\/2011_10-Chevalet-cello-11.jpg\" data-link=\"https:\/\/lapocheaviolons.fr\/2011_10-chevalet-cello-11\/\" class=\"wp-image-465\"\/><figcaption class=\"blocks-gallery-item__caption\">FINITION \u00c9PAISSEUR<\/figcaption><\/figure><\/li><\/ul><\/figure>\n\n\n\n<p>Les  <strong>c\u00f4t\u00e9s<\/strong> doivent \u00eatre droits pour donner une impression de finesse alors  qu&rsquo;autour du <strong>coeur<\/strong> la progression se fait en courbe. Cette r\u00e9partition des masses de bois influe sur la qualit\u00e9 du son, elle peut \u00eatre modifi\u00e9e  lors d&rsquo;un <a href=\"https:\/\/lapocheaviolons.fr\/?page_id=447\">r\u00e9glage de sonorit\u00e9<\/a>. Je travaille d&rsquo;abord au canif  (chanfrein) puis au rabot et \u00e0 la lime, avant de polir le bois au tourne-fil (affiloir) pour le faire briller et \u00e9viter qu&rsquo;il ne prenne trop les salissures lors du jeu (pores du bois ferm\u00e9s).<\/p>\n\n\n\n<figure class=\"wp-block-gallery columns-2 is-cropped wp-block-gallery-5 is-layout-flex\"><ul class=\"blocks-gallery-grid\"><li class=\"blocks-gallery-item\"><figure><img decoding=\"async\" loading=\"lazy\" width=\"1024\" height=\"768\" src=\"https:\/\/lapocheaviolons.fr\/wp-content\/uploads\/2021\/03\/2011_10-Chevalet-cello-12-1024x768.jpg\" alt=\"\" data-id=\"466\" data-full-url=\"https:\/\/lapocheaviolons.fr\/wp-content\/uploads\/2021\/03\/2011_10-Chevalet-cello-12.jpg\" data-link=\"https:\/\/lapocheaviolons.fr\/2011_10-chevalet-cello-12\/\" class=\"wp-image-466\"\/><figcaption class=\"blocks-gallery-item__caption\">AFFILOIR<\/figcaption><\/figure><\/li><li class=\"blocks-gallery-item\"><figure><img decoding=\"async\" loading=\"lazy\" width=\"771\" height=\"1024\" src=\"https:\/\/lapocheaviolons.fr\/wp-content\/uploads\/2021\/03\/2011_10-Chevalet-cello-13-771x1024.jpg\" alt=\"\" data-id=\"467\" data-full-url=\"https:\/\/lapocheaviolons.fr\/wp-content\/uploads\/2021\/03\/2011_10-Chevalet-cello-13.jpg\" data-link=\"https:\/\/lapocheaviolons.fr\/2011_10-chevalet-cello-13\/\" class=\"wp-image-467\"\/><figcaption class=\"blocks-gallery-item__caption\">\u00c9PAISSEUR FINIE<\/figcaption><\/figure><\/li><\/ul><\/figure>\n\n\n\n<p>Ensuite, j&rsquo;arrondis le <strong>dessus<\/strong> \u00e0 la petite lime, puis au papier de verre : les  cordes seront pos\u00e9es sur cette courbe, dans une petite gorge profonde d&rsquo;un tiers de leur diam\u00e8tre (= le <strong>cran<\/strong>). Si cette encoche est trop profonde, elle  \u00e9touffe la vibration et ab\u00eeme la corde au risque de la casser. Un petit tube, un parchemin ou une inclusion d&rsquo;os peuvent \u00eatre pr\u00e9sents sous la corde LA (la plus fine) pour emp\u00eacher qu&rsquo;elle \u00ab\u00a0scie\u00a0\u00bb le chevalet sous la pression.<\/p>\n\n\n\n<figure class=\"wp-block-gallery columns-2 is-cropped wp-block-gallery-7 is-layout-flex\"><ul class=\"blocks-gallery-grid\"><li class=\"blocks-gallery-item\"><figure><img decoding=\"async\" loading=\"lazy\" width=\"1024\" height=\"768\" src=\"https:\/\/lapocheaviolons.fr\/wp-content\/uploads\/2021\/03\/2011_10-Chevalet-cello-14-1024x768.jpg\" alt=\"\" data-id=\"468\" data-full-url=\"https:\/\/lapocheaviolons.fr\/wp-content\/uploads\/2021\/03\/2011_10-Chevalet-cello-14.jpg\" data-link=\"https:\/\/lapocheaviolons.fr\/2011_10-chevalet-cello-14\/\" class=\"wp-image-468\"\/><figcaption class=\"blocks-gallery-item__caption\">ARRONDI DESSUS<\/figcaption><\/figure><\/li><li class=\"blocks-gallery-item\"><figure><img decoding=\"async\" loading=\"lazy\" width=\"1024\" height=\"768\" src=\"https:\/\/lapocheaviolons.fr\/wp-content\/uploads\/2021\/03\/2011_10-Chevalet-cello-15-1024x768.jpg\" alt=\"\" data-id=\"469\" data-full-url=\"https:\/\/lapocheaviolons.fr\/wp-content\/uploads\/2021\/03\/2011_10-Chevalet-cello-15.jpg\" data-link=\"https:\/\/lapocheaviolons.fr\/2011_10-chevalet-cello-15\/\" class=\"wp-image-469\"\/><figcaption class=\"blocks-gallery-item__caption\">CRANS \u00c0 LA LIME<\/figcaption><\/figure><\/li><\/ul><\/figure>\n\n\n\n<p>Reste  \u00e0 tailler les pieds, le pont, les olives et le c\u0153ur, avant de faire  les finitions. Je reprends mon canif pour ces \u00e9tapes. Bien que  l&rsquo;esth\u00e9tique joue dans la taille du chevalet, elle r\u00e9pond d&rsquo;abord \u00e0 des  besoins acoustiques : en affinant les pieds, \u00e9largissant les olives et  en r\u00e9duisant la largeur des pattes lat\u00e9rales, on facilite la <strong>mise en vibration<\/strong> du chevalet. Attention toutefois : un chevalet qui vibre trop  n&rsquo;est pas un gage de bonne sonorit\u00e9. Il faut donc savoir \u00f4ter du bois avec parcimonie et pr\u00e9cision pour obtenir le r\u00e9sultat d\u00e9sir\u00e9.<\/p>\n\n\n\n<figure class=\"wp-block-gallery columns-3 is-cropped wp-block-gallery-9 is-layout-flex\"><ul class=\"blocks-gallery-grid\"><li class=\"blocks-gallery-item\"><figure><img decoding=\"async\" loading=\"lazy\" width=\"1024\" height=\"768\" src=\"https:\/\/lapocheaviolons.fr\/wp-content\/uploads\/2021\/03\/2011_10-Chevalet-cello-16-1024x768.jpg\" alt=\"\" data-id=\"470\" data-full-url=\"https:\/\/lapocheaviolons.fr\/wp-content\/uploads\/2021\/03\/2011_10-Chevalet-cello-16.jpg\" data-link=\"https:\/\/lapocheaviolons.fr\/2011_10-chevalet-cello-16\/\" class=\"wp-image-470\"\/><figcaption class=\"blocks-gallery-item__caption\">PIEDS BRUTS<\/figcaption><\/figure><\/li><li class=\"blocks-gallery-item\"><figure><img decoding=\"async\" loading=\"lazy\" width=\"1024\" height=\"768\" src=\"https:\/\/lapocheaviolons.fr\/wp-content\/uploads\/2021\/03\/2011_10-Chevalet-cello-18-1024x768.jpg\" alt=\"\" data-id=\"472\" data-full-url=\"https:\/\/lapocheaviolons.fr\/wp-content\/uploads\/2021\/03\/2011_10-Chevalet-cello-18.jpg\" data-link=\"https:\/\/lapocheaviolons.fr\/2011_10-chevalet-cello-18\/\" class=\"wp-image-472\"\/><figcaption class=\"blocks-gallery-item__caption\">PIEDS EXT<\/figcaption><\/figure><\/li><li class=\"blocks-gallery-item\"><figure><img decoding=\"async\" loading=\"lazy\" width=\"1024\" height=\"768\" src=\"https:\/\/lapocheaviolons.fr\/wp-content\/uploads\/2021\/03\/2011_10-Chevalet-cello-19-1024x768.jpg\" alt=\"\" data-id=\"473\" data-full-url=\"https:\/\/lapocheaviolons.fr\/wp-content\/uploads\/2021\/03\/2011_10-Chevalet-cello-19.jpg\" data-link=\"https:\/\/lapocheaviolons.fr\/2011_10-chevalet-cello-19\/\" class=\"wp-image-473\"\/><figcaption class=\"blocks-gallery-item__caption\">PIEDS INT\u00c9RIEUR<\/figcaption><\/figure><\/li><li class=\"blocks-gallery-item\"><figure><img decoding=\"async\" loading=\"lazy\" width=\"1024\" height=\"768\" src=\"https:\/\/lapocheaviolons.fr\/wp-content\/uploads\/2021\/03\/2011_10-Chevalet-cello-20-1024x768.jpg\" alt=\"\" data-id=\"474\" data-full-url=\"https:\/\/lapocheaviolons.fr\/wp-content\/uploads\/2021\/03\/2011_10-Chevalet-cello-20.jpg\" data-link=\"https:\/\/lapocheaviolons.fr\/2011_10-chevalet-cello-20\/\" class=\"wp-image-474\"\/><figcaption class=\"blocks-gallery-item__caption\">TAILLE PONT<\/figcaption><\/figure><\/li><li class=\"blocks-gallery-item\"><figure><img decoding=\"async\" loading=\"lazy\" width=\"1024\" height=\"768\" src=\"https:\/\/lapocheaviolons.fr\/wp-content\/uploads\/2021\/03\/2011_10-Chevalet-cello-21-1024x768.jpg\" alt=\"\" data-id=\"475\" data-full-url=\"https:\/\/lapocheaviolons.fr\/wp-content\/uploads\/2021\/03\/2011_10-Chevalet-cello-21.jpg\" data-link=\"https:\/\/lapocheaviolons.fr\/2011_10-chevalet-cello-21\/\" class=\"wp-image-475\"\/><figcaption class=\"blocks-gallery-item__caption\">TAILLE OLIVES<\/figcaption><\/figure><\/li><li class=\"blocks-gallery-item\"><figure><img decoding=\"async\" loading=\"lazy\" width=\"1024\" height=\"768\" src=\"https:\/\/lapocheaviolons.fr\/wp-content\/uploads\/2021\/03\/2011_10-Chevalet-cello-22-1024x768.jpg\" alt=\"\" data-id=\"476\" data-full-url=\"https:\/\/lapocheaviolons.fr\/wp-content\/uploads\/2021\/03\/2011_10-Chevalet-cello-22.jpg\" data-link=\"https:\/\/lapocheaviolons.fr\/2011_10-chevalet-cello-22\/\" class=\"wp-image-476\"\/><figcaption class=\"blocks-gallery-item__caption\">CHANFREINS<\/figcaption><\/figure><\/li><\/ul><\/figure>\n\n\n\n<p>Les  <strong>chanfreins de finition<\/strong> sont faits pour \u00f4ter les arr\u00eates vives qui seraient rapidement ab\u00eem\u00e9es, et permettent d&rsquo;ajouter \u00e0 l&rsquo;esth\u00e9tique de  la taille.<\/p>\n\n\n\n<figure class=\"wp-block-gallery columns-3 is-cropped wp-block-gallery-11 is-layout-flex\"><ul class=\"blocks-gallery-grid\"><li class=\"blocks-gallery-item\"><figure><img decoding=\"async\" loading=\"lazy\" width=\"1024\" height=\"768\" src=\"https:\/\/lapocheaviolons.fr\/wp-content\/uploads\/2021\/03\/2011_10-Chevalet-cello-23-1024x768.jpg\" alt=\"\" data-id=\"477\" data-full-url=\"https:\/\/lapocheaviolons.fr\/wp-content\/uploads\/2021\/03\/2011_10-Chevalet-cello-23.jpg\" data-link=\"https:\/\/lapocheaviolons.fr\/2011_10-chevalet-cello-23\/\" class=\"wp-image-477\"\/><figcaption class=\"blocks-gallery-item__caption\">FINITION COEUR<\/figcaption><\/figure><\/li><li class=\"blocks-gallery-item\"><figure><img decoding=\"async\" loading=\"lazy\" width=\"1024\" height=\"768\" src=\"https:\/\/lapocheaviolons.fr\/wp-content\/uploads\/2021\/03\/2011_10-Chevalet-cello-24-1024x768.jpg\" alt=\"\" data-id=\"478\" data-full-url=\"https:\/\/lapocheaviolons.fr\/wp-content\/uploads\/2021\/03\/2011_10-Chevalet-cello-24.jpg\" data-link=\"https:\/\/lapocheaviolons.fr\/2011_10-chevalet-cello-24\/\" class=\"wp-image-478\"\/><figcaption class=\"blocks-gallery-item__caption\">CHANFREIN<\/figcaption><\/figure><\/li><li class=\"blocks-gallery-item\"><figure><img decoding=\"async\" loading=\"lazy\" width=\"769\" height=\"1024\" src=\"https:\/\/lapocheaviolons.fr\/wp-content\/uploads\/2021\/03\/2011_10-Chevalet-cello-25-769x1024.jpg\" alt=\"\" data-id=\"479\" data-full-url=\"https:\/\/lapocheaviolons.fr\/wp-content\/uploads\/2021\/03\/2011_10-Chevalet-cello-25.jpg\" data-link=\"https:\/\/lapocheaviolons.fr\/2011_10-chevalet-cello-25\/\" class=\"wp-image-479\"\/><figcaption class=\"blocks-gallery-item__caption\">TAILLE TERMIN\u00c9E<\/figcaption><\/figure><\/li><\/ul><\/figure>\n\n\n\n<p>Une  derni\u00e8re touche fonctionnelle : je colle un petit <strong>parchemin<\/strong> qui vient  prot\u00e9ger le chevalet sous la corde la plus aigu\u00eb afin qu&rsquo;elle ne \u00ab\u00a0scie\u00a0\u00bb pas le chevalet et je passe du <strong>graphite<\/strong> dans les encoches pour qu&rsquo;elles y coulissent ais\u00e9ment.<\/p>\n\n\n\n<figure class=\"wp-block-gallery columns-3 is-cropped wp-block-gallery-13 is-layout-flex\"><ul class=\"blocks-gallery-grid\"><li class=\"blocks-gallery-item\"><figure><img decoding=\"async\" loading=\"lazy\" width=\"1024\" height=\"783\" src=\"https:\/\/lapocheaviolons.fr\/wp-content\/uploads\/2021\/03\/2011_10-Chevalet-cello-26-1024x783.jpg\" alt=\"\" data-id=\"480\" data-full-url=\"https:\/\/lapocheaviolons.fr\/wp-content\/uploads\/2021\/03\/2011_10-Chevalet-cello-26.jpg\" data-link=\"https:\/\/lapocheaviolons.fr\/2011_10-chevalet-cello-26\/\" class=\"wp-image-480\"\/><figcaption class=\"blocks-gallery-item__caption\">PARCHEMIN<\/figcaption><\/figure><\/li><li class=\"blocks-gallery-item\"><figure><img decoding=\"async\" src=\"https:\/\/lapocheaviolons.fr\/wp-content\/uploads\/2021\/03\/2011_10-Chevalet-cello-27.jpg\" alt=\"\" data-id=\"481\" data-full-url=\"https:\/\/lapocheaviolons.fr\/wp-content\/uploads\/2021\/03\/2011_10-Chevalet-cello-27.jpg\" data-link=\"https:\/\/lapocheaviolons.fr\/2011_10-chevalet-cello-27\/\" class=\"wp-image-481\"\/><figcaption class=\"blocks-gallery-item__caption\">GRAPHITE<\/figcaption><\/figure><\/li><li class=\"blocks-gallery-item\"><figure><img decoding=\"async\" loading=\"lazy\" width=\"1024\" height=\"768\" src=\"https:\/\/lapocheaviolons.fr\/wp-content\/uploads\/2021\/03\/2011_10-Chevalet-cello-28-1024x768.jpg\" alt=\"\" data-id=\"482\" data-full-url=\"https:\/\/lapocheaviolons.fr\/wp-content\/uploads\/2021\/03\/2011_10-Chevalet-cello-28.jpg\" data-link=\"https:\/\/lapocheaviolons.fr\/2011_10-chevalet-cello-28\/\" class=\"wp-image-482\"\/><figcaption class=\"blocks-gallery-item__caption\">SIGNATURE<\/figcaption><\/figure><\/li><\/ul><\/figure>\n\n\n\n<p>Chaque  luthier a une main et une mani\u00e8re de tailler qui lui sont propres,  aussi, on ne peut pas confondre le travail de nos confr\u00e8res. Et s&rsquo;il  subsiste un doute, la marque au fer vient d&rsquo;ordinaire attester de la  provenance du chevalet. En attendant la r\u00e9ception de la mienne, je <strong>signe<\/strong> mes chevalets sous le pont pour attester leur origine.<\/p>\n\n\n\n<p>Reste  \u00e0 replacer le chevalet \u00e0 sa place : les cordes doivent \u00eatre centr\u00e9es  par rapport \u00e0 la touche et le cran d&rsquo;f (c\u00f4t\u00e9 aigus) arrive au milieu du  pied du chevalet. Lorsque je tends les cordes pour r\u00e9-accorder l&rsquo;instrument, je prends garde \u00e0 ce que le chevalet ne bascule pas vers  l&rsquo;avant en le redressant au fur et \u00e0 mesure.<\/p>\n\n\n\n<figure class=\"wp-block-gallery columns-2 is-cropped wp-block-gallery-15 is-layout-flex\"><ul class=\"blocks-gallery-grid\"><li class=\"blocks-gallery-item\"><figure><img decoding=\"async\" src=\"https:\/\/lapocheaviolons.fr\/wp-content\/uploads\/2021\/03\/2011_10-Chevalet-cello-29.jpg\" alt=\"\" data-id=\"483\" data-full-url=\"https:\/\/lapocheaviolons.fr\/wp-content\/uploads\/2021\/03\/2011_10-Chevalet-cello-29.jpg\" data-link=\"https:\/\/lapocheaviolons.fr\/2011_10-chevalet-cello-29\/\" class=\"wp-image-483\"\/><figcaption class=\"blocks-gallery-item__caption\">CRAN D&rsquo;F<\/figcaption><\/figure><\/li><li class=\"blocks-gallery-item\"><figure><img decoding=\"async\" src=\"https:\/\/lapocheaviolons.fr\/wp-content\/uploads\/2021\/03\/2011_10-Chevalet-cello-04.jpg\" alt=\"\" data-id=\"458\" data-full-url=\"https:\/\/lapocheaviolons.fr\/wp-content\/uploads\/2021\/03\/2011_10-Chevalet-cello-04.jpg\" data-link=\"https:\/\/lapocheaviolons.fr\/2011_10-chevalet-cello-04\/\" class=\"wp-image-458\"\/><figcaption class=\"blocks-gallery-item__caption\">CHEVALET TERMIN\u00c9<\/figcaption><\/figure><\/li><\/ul><\/figure>\n\n\n\n<p>Et voici un chevalet tout neuf pour le violoncelle 1\/2 (<a href=\"https:\/\/lapocheaviolons.fr\/?page_id=51\">location<\/a>) sur lequel F\u00e9licie apprend la musique !<\/p>\n\n\n\n<figure class=\"wp-block-image size-large\"><img decoding=\"async\" loading=\"lazy\" width=\"1024\" height=\"768\" src=\"https:\/\/lapocheaviolons.fr\/wp-content\/uploads\/2021\/03\/2011_10-Chevalet-cello-30-1024x768.jpg\" alt=\"\" class=\"wp-image-484\"\/><figcaption>VIOLONCELLE 1\/2 AVEC SON CHEVALET NEUF<\/figcaption><\/figure>\n\n\n\n<p><\/p>\n","protected":false},"excerpt":{"rendered":"<p>Le chevalet, pi\u00e8ce d&rsquo;\u00e9rable qui soutient les cordes, est une pi\u00e8ce primordiale dans la transmission du son de l&rsquo;instrument. L&rsquo;ajustage de ses pieds, sa hauteur, son \u00e9paisseur et la taille finale sont autant de param\u00e8tres qui influent sur la sonorit\u00e9 de l&rsquo;instrument. Un travail soign\u00e9 lors de la r\u00e9alisation du chevalet assure au musicien une &hellip; <\/p>\n<p class=\"link-more\"><a href=\"https:\/\/lapocheaviolons.fr\/?page_id=451\" class=\"more-link\">Continuer la lecture<span class=\"screen-reader-text\"> de &laquo;&nbsp;Tailler un chevalet&nbsp;&raquo;<\/span><\/a><\/p>\n","protected":false},"author":1,"featured_media":0,"parent":0,"menu_order":0,"comment_status":"closed","ping_status":"closed","template":"","meta":[],"_links":{"self":[{"href":"https:\/\/lapocheaviolons.fr\/index.php?rest_route=\/wp\/v2\/pages\/451"}],"collection":[{"href":"https:\/\/lapocheaviolons.fr\/index.php?rest_route=\/wp\/v2\/pages"}],"about":[{"href":"https:\/\/lapocheaviolons.fr\/index.php?rest_route=\/wp\/v2\/types\/page"}],"author":[{"embeddable":true,"href":"https:\/\/lapocheaviolons.fr\/index.php?rest_route=\/wp\/v2\/users\/1"}],"replies":[{"embeddable":true,"href":"https:\/\/lapocheaviolons.fr\/index.php?rest_route=%2Fwp%2Fv2%2Fcomments&post=451"}],"version-history":[{"count":15,"href":"https:\/\/lapocheaviolons.fr\/index.php?rest_route=\/wp\/v2\/pages\/451\/revisions"}],"predecessor-version":[{"id":690,"href":"https:\/\/lapocheaviolons.fr\/index.php?rest_route=\/wp\/v2\/pages\/451\/revisions\/690"}],"wp:attachment":[{"href":"https:\/\/lapocheaviolons.fr\/index.php?rest_route=%2Fwp%2Fv2%2Fmedia&parent=451"}],"curies":[{"name":"wp","href":"https:\/\/api.w.org\/{rel}","templated":true}]}}