{"id":49,"date":"2019-08-23T14:12:02","date_gmt":"2019-08-23T12:12:02","guid":{"rendered":"http:\/\/lapocheaviolons.fr\/?page_id=49"},"modified":"2025-09-04T12:13:55","modified_gmt":"2025-09-04T10:13:55","slug":"vente","status":"publish","type":"page","link":"https:\/\/lapocheaviolons.fr\/?page_id=49","title":{"rendered":"Vente"},"content":{"rendered":"\n<h2 class=\"wp-block-heading has-text-color\" style=\"color:#c48f27\"><strong>Violons anciens<\/strong><\/h2>\n\n\n\n<p>Install\u00e9e \u00e0 La Roche sur Yon &#8211; Vend\u00e9e &#8211; depuis plus de quinze ans, j&rsquo;ai \u00e0 c\u0153ur de mettre du sens dans mon m\u00e9tier : tant qu&rsquo;il existe des instruments anciens, il vaut mieux les remettre \u00ab\u00a0en jeu\u00a0\u00bb et ainsi laisser <a rel=\"noreferrer noopener\" href=\"https:\/\/lapocheaviolons.fr\/?page_id=273\" target=\"_blank\">pousser les arbres<\/a> pour l&rsquo;avenir&#8230; C\u2019est ainsi que  je r\u00e9pare des <strong>violons anciens<\/strong> pour les proposer en <strong><a href=\"https:\/\/lapocheaviolons.fr\/?page_id=49\">vente<\/a><\/strong>.<\/p>\n\n\n<div class=\"wp-block-image\">\n<figure class=\"aligncenter is-resized\"><img decoding=\"async\" loading=\"lazy\" src=\"https:\/\/lapocheaviolons.fr\/wp-content\/uploads\/2019\/08\/Pe\u0302le-me\u0302le-vente-anciens-site-petit.png\" alt=\"\" class=\"wp-image-122\" width=\"378\" height=\"501\"\/><figcaption class=\"wp-element-caption\">photos de d\u00e9tails de violons anciens<\/figcaption><\/figure><\/div>\n\n\n<p>En Vend\u00e9e, tous ceux et celles qui sont venus acheter des <a href=\"https:\/\/lapocheaviolons.fr\/?page_id=49\">instruments \u00e0 l\u2019atelier<\/a> vous le diront : ici, j\u2019apporte la <strong>m\u00eame exigence<\/strong> \u00e0 tous les instruments, des violons de <strong>d\u00e9butants <\/strong>aux violons de <strong>professionnels<\/strong>. Tous les instruments de l&rsquo;atelier sont r\u00e9par\u00e9s et r\u00e9gl\u00e9s pr\u00e9cis\u00e9ment pour qu\u2019ils accompagnent votre <strong>progression<\/strong> avec un grand confort de jeu et qu&rsquo;<strong>ils vous donnent le meilleur<\/strong> du son.<\/p>\n\n\n\n<p><\/p>\n\n\n\n<p class=\"has-text-align-left\">J&rsquo;ai fait le choix de vous proposer une large gamme d&rsquo;instruments <strong>anciens<\/strong> pour les <strong>violons<\/strong>, soigneusement r\u00e9par\u00e9s et r\u00e9gl\u00e9s.<\/p>\n\n\n\n<p class=\"has-text-align-left\">Concernant les <strong>altos et violoncelles<\/strong> neufs, je privil\u00e9gie des fili\u00e8res de fabrication artisanales et qualitatives <strong>en Europe<\/strong>.<\/p>\n\n\n\n<p class=\"has-text-align-center\"> <strong>TARIFS<\/strong> des <strong>violons anciens<\/strong> en vente \u00e0 l&rsquo;atelier :<\/p>\n\n\n\n<p><strong>Violons \u00ab\u00a0\u00e9tude\u00a0\u00bb<\/strong> &#8211; id\u00e9al pour un premier instrument : 1 100 \u00e0 2 950 euros. <\/p>\n\n\n\n<p><strong>Violons de concert<\/strong> &#8211; gamme sup\u00e9rieure : \u00e0 partir de 3 000 euros.<\/p>\n\n\n\n<div style=\"height:25px\" aria-hidden=\"true\" class=\"wp-block-spacer\"><\/div>\n\n\n\n<p class=\"has-text-align-center\"> <strong>TARIFS <\/strong>des instruments de <strong>fabrication artisanale contemporaine<\/strong> en vente \u00e0 l&rsquo;atelier :<\/p>\n\n\n\n<p><strong>Altos<\/strong> : \u00e0 partir de 2 400 euros.<\/p>\n\n\n\n<p><strong>Violoncelles<\/strong> : \u00e0 partir de 3 500 euros.<\/p>\n\n\n\n<div style=\"height:25px\" aria-hidden=\"true\" class=\"wp-block-spacer\"><\/div>\n\n\n\n<p>Vous \u00eates violoniste, altiste ou violoncelliste<strong> d\u00e9butant<\/strong>, je conseille vous de commencer par une <a href=\"https:\/\/lapocheaviolons.fr\/?page_id=51\">locatio<\/a><a href=\"https:\/\/lapocheaviolons.fr\/index.php\/location\/\">n<\/a> : <strong>louer<\/strong> c&rsquo;est un moyen \u00e9conomique de tester votre nouvelle passion avec un instrument de <strong>qualit\u00e9<\/strong>, id\u00e9al pour <strong>faciliter votre apprentissage<\/strong>.<br><\/p>\n\n\n\n<h2 class=\"wp-block-heading has-text-color\" style=\"color:#c48f27\"><strong>Archets<\/strong><\/h2>\n\n\n\n<p>Je propose une s\u00e9lection d&rsquo;archets neufs ou d&rsquo;occasion <strong>fabriqu\u00e9s en Allemagne<\/strong> de fa\u00e7on artisanale.<br><\/p>\n\n\n\n<h2 class=\"wp-block-heading has-text-color\" style=\"color:#c48f27\"><strong>Etuis<\/strong><\/h2>\n\n\n<div class=\"wp-block-image\">\n<figure class=\"aligncenter size-full is-resized\"><img decoding=\"async\" loading=\"lazy\" src=\"https:\/\/lapocheaviolons.fr\/wp-content\/uploads\/2023\/11\/etui-BAM-interieur-exterieur-bretelles.png\" alt=\"\" class=\"wp-image-814\" width=\"267\" height=\"425\" srcset=\"https:\/\/lapocheaviolons.fr\/wp-content\/uploads\/2023\/11\/etui-BAM-interieur-exterieur-bretelles.png 534w, https:\/\/lapocheaviolons.fr\/wp-content\/uploads\/2023\/11\/etui-BAM-interieur-exterieur-bretelles-188x300.png 188w\" sizes=\"(max-width: 267px) 100vw, 267px\" \/><\/figure><\/div>\n\n\n<p>Je propose les \u00e9tuis BAM &#8211; entreprise fran\u00e7aise. Con\u00e7us pour aller \u00e0 l&rsquo;essentiel, ces \u00e9tuis sont l\u00e9gers, <strong>r\u00e9sistants<\/strong>, <strong>pratiques<\/strong> et durables. Ils sont aussi <strong>r\u00e9parables en France<\/strong>.<\/p>\n\n\n\n<p>Pour une alternative encore plus vertueuse, voici les \u00e9tuis \u00ab\u00a0La Belle \u00c9poque\u00a0\u00bb : <strong>des \u00e9tuis<\/strong> <strong>anciens<\/strong> (en bois) r\u00e9par\u00e9s \u00e0 l&rsquo;atelier et avec une paire de bretelles pour plus de confort. Les bretelles sont fabriqu\u00e9es par mes soins, avec du cuir (tannage v\u00e9g\u00e9tal) et une bouclerie qui est int\u00e9gralement <strong>fabriqu\u00e9e en Europe<\/strong>.<\/p>\n\n\n<div class=\"wp-block-image\">\n<figure class=\"aligncenter size-medium\"><img decoding=\"async\" loading=\"lazy\" width=\"300\" height=\"200\" src=\"https:\/\/lapocheaviolons.fr\/wp-content\/uploads\/2020\/04\/Bretelles-cuir-re\u0301duite-300x200.jpg\" alt=\"\" class=\"wp-image-298\"\/><\/figure><\/div>\n\n\n<h2 class=\"wp-block-heading has-text-color\" style=\"color:#c48f27\"><strong>Cordes et accessoires<\/strong><\/h2>\n\n\n<div class=\"wp-block-image\">\n<figure class=\"aligncenter is-resized\"><img decoding=\"async\" loading=\"lazy\" src=\"https:\/\/lapocheaviolons.fr\/wp-content\/uploads\/2019\/08\/cale-pique-3.jpg\" alt=\"\" class=\"wp-image-139\" width=\"300\" height=\"200\"\/><figcaption class=\"wp-element-caption\">Cale-pique pour violoncelle, fabrication fran\u00e7aise artisanale &#8211; bois et cuir<\/figcaption><\/figure><\/div>\n\n\n<p>L&rsquo;atelier est engag\u00e9 dans une d\u00e9marche <a href=\"https:\/\/lapocheaviolons.fr\/?page_id=273\">Z\u00e9ro D\u00e9chet<\/a> depuis 2018. Les produits que je propose sont fabriqu\u00e9s au plus pr\u00e8s de l&rsquo;atelier (fabrication France ou Europe). Ils sont durables, r\u00e9parables, vendus \u00e0 l&rsquo;unit\u00e9 et avec un minimum d&#8217;emballage.<\/p>\n\n\n\n<div style=\"height:5px\" aria-hidden=\"true\" class=\"wp-block-spacer\"><\/div>\n\n\n\n<p>Les cordes que je vous propose sont s\u00e9lectionn\u00e9es pour leur <strong>qualit\u00e9<\/strong> de son et leur <strong>durabilit\u00e9<\/strong>.<\/p>\n\n\n\n<div style=\"height:5px\" aria-hidden=\"true\" class=\"wp-block-spacer\"><\/div>\n\n\n\n<p>Les accessoires sont fabriqu\u00e9s en Europe, et s\u00e9lectionn\u00e9s pour leur <strong>faible impact environnemental<\/strong> : cale-pique en bois et cuir, coussin KUN dont les pi\u00e8ces d\u00e9tach\u00e9es sont disponibles, colophanes fabriqu\u00e9es en Europe. <\/p>\n\n\n\n<div style=\"height:5px\" aria-hidden=\"true\" class=\"wp-block-spacer\"><\/div>\n\n\n\n<p>Je propose aussi une s\u00e9lection de produits d&rsquo;<strong>occasion<\/strong> et en bon \u00e9tat : cela prolonge leur dur\u00e9e d&rsquo;utilisation et r\u00e9duit leur impact sur <a href=\"https:\/\/lapocheaviolons.fr\/?page_id=273\">notre environnement<\/a>.<\/p>\n","protected":false},"excerpt":{"rendered":"<p>Violons anciens Install\u00e9e \u00e0 La Roche sur Yon &#8211; Vend\u00e9e &#8211; depuis plus de quinze ans, j&rsquo;ai \u00e0 c\u0153ur de mettre du sens dans mon m\u00e9tier : tant qu&rsquo;il existe des instruments anciens, il vaut mieux les remettre \u00ab\u00a0en jeu\u00a0\u00bb et ainsi laisser pousser les arbres pour l&rsquo;avenir&#8230; C\u2019est ainsi que je r\u00e9pare des violons &hellip; <\/p>\n<p class=\"link-more\"><a href=\"https:\/\/lapocheaviolons.fr\/?page_id=49\" class=\"more-link\">Continuer la lecture<span class=\"screen-reader-text\"> de &laquo;&nbsp;Vente&nbsp;&raquo;<\/span><\/a><\/p>\n","protected":false},"author":1,"featured_media":0,"parent":0,"menu_order":1,"comment_status":"closed","ping_status":"closed","template":"","meta":[],"_links":{"self":[{"href":"https:\/\/lapocheaviolons.fr\/index.php?rest_route=\/wp\/v2\/pages\/49"}],"collection":[{"href":"https:\/\/lapocheaviolons.fr\/index.php?rest_route=\/wp\/v2\/pages"}],"about":[{"href":"https:\/\/lapocheaviolons.fr\/index.php?rest_route=\/wp\/v2\/types\/page"}],"author":[{"embeddable":true,"href":"https:\/\/lapocheaviolons.fr\/index.php?rest_route=\/wp\/v2\/users\/1"}],"replies":[{"embeddable":true,"href":"https:\/\/lapocheaviolons.fr\/index.php?rest_route=%2Fwp%2Fv2%2Fcomments&post=49"}],"version-history":[{"count":53,"href":"https:\/\/lapocheaviolons.fr\/index.php?rest_route=\/wp\/v2\/pages\/49\/revisions"}],"predecessor-version":[{"id":903,"href":"https:\/\/lapocheaviolons.fr\/index.php?rest_route=\/wp\/v2\/pages\/49\/revisions\/903"}],"wp:attachment":[{"href":"https:\/\/lapocheaviolons.fr\/index.php?rest_route=%2Fwp%2Fv2%2Fmedia&parent=49"}],"curies":[{"name":"wp","href":"https:\/\/api.w.org\/{rel}","templated":true}]}}