{"id":51,"date":"2019-08-23T14:12:24","date_gmt":"2019-08-23T12:12:24","guid":{"rendered":"http:\/\/lapocheaviolons.fr\/?page_id=51"},"modified":"2025-09-04T12:01:19","modified_gmt":"2025-09-04T10:01:19","slug":"location","status":"publish","type":"page","link":"https:\/\/lapocheaviolons.fr\/?page_id=51","title":{"rendered":"Location"},"content":{"rendered":"\n<h2 class=\"has-text-color\" style=\"color:#c48f27\"><strong>Location de Violon,  Alto, Violoncelle<\/strong><\/h2>\n\n\n\n<p>Votre  <strong>enfant<\/strong> d\u00e9sire\u00a0jouer de la musique ? Vous souhaitez <strong>\u00ab\u00a0vous y mettre\u00a0\u00bb<\/strong> sans  \u00eatre certain d&rsquo;accrocher ? Pour permettre de <strong>d\u00e9buter<\/strong>, je vous propose  une large gamme d&rsquo;instruments de <strong>location<\/strong>,\u00a0modernes\u00a0et anciens. <\/p>\n\n\n\n<h2 class=\"wp-block-heading has-text-color\" style=\"color:#c48f27\"><strong>3 solutions<\/strong> pour d\u00e9buter selon vos envies et votre budget* :<\/h2>\n\n\n\n<p><strong>&#8211; la location MODIQUE<\/strong> : petit prix pour <strong>d\u00e9butants<\/strong> ! Une location d\u00e8s 15\u20ac* par mois (engagement mini 3 mois).<\/p>\n\n\n\n<p><strong>&#8211; la location \u00c9L\u00c9GANCE <\/strong>: des instruments s\u00e9lectionn\u00e9s pour la <strong>qualit\u00e9 du son<\/strong>&#8230; Id\u00e9al pour <strong>progresser<\/strong> &#8211; D\u00e8s 20 \u20ac* par mois (engagement mini 3 mois).<\/p>\n\n\n\n<p><strong>&#8211; la location LUTHIER <\/strong>(violon et violoncelle 4\/4) :\u00a0 jouez sur un insrtrument fabriqu\u00e9 \u00e0 la main par un luthier = qualit\u00e9 de <strong>son incomparable<\/strong> !*.<\/p>\n\n\n\n<div style=\"height:14px\" aria-hidden=\"true\" class=\"wp-block-spacer\"><\/div>\n\n\n\n<p class=\"has-small-font-size\">*Le <strong>tarif mensuel<\/strong> de location est proportionnel \u00e0 la taille de l&rsquo;instrument &#8211; tous les instruments sont propos\u00e9s du 1\/8 au 4\/4 &#8211; me contacter pour les tarifs complets : <\/p>\n\n\n\n<p class=\"has-small-font-size\">Location VIOLON ou ALTO <strong>Modique<\/strong> 1\/8 \u00e0 15 \u20ac \/ Location VIOLONCELLE <strong>Modique<\/strong> 1\/8 \u00e0 25 \u20ac<\/p>\n\n\n\n<p class=\"has-small-font-size\"> Location VIOLON ou ALTO <strong>\u00c9l\u00e9gance<\/strong> 1\/8 \u00e0 20 \u20ac \/ Location VIOLONCELLE <strong>\u00c9l\u00e9gance<\/strong> 3\/4 \u00e0 43  \u20ac<\/p>\n\n\n\n<p class=\"has-small-font-size\">Location VIOLON <strong>Luthier<\/strong> 4\/4 = 38 \u20ac \/ Location VIOLONCELLE <strong>Luthier<\/strong> 4\/4 = 49 \u20ac<\/p>\n\n\n\n<p class=\"has-small-font-size\">Ces tarifs comprennent la location du mat\u00e9riel (instrument, \u00e9tui et archet), l&rsquo;entretien annuel, les changements de cordes et de m\u00e8che d&rsquo;archet (en cas d&rsquo;usure normale).<\/p>\n\n\n\n<div style=\"height:47px\" aria-hidden=\"true\" class=\"wp-block-spacer\"><\/div>\n\n\n\n<p class=\"has-text-align-center has-text-color\" style=\"color:#c48f27\"><em>Attention : certaines tailles sont tr\u00e8s demand\u00e9es. Vous pouvez r\u00e9server un instrument d\u00e8s le mois de juin pour vous assurer de sa disponibilit\u00e9 \u00e0 la rentr\u00e9e.<\/em><\/p>\n\n\n\n<div style=\"height:33px\" aria-hidden=\"true\" class=\"wp-block-spacer\"><\/div>\n\n\n\n<h2 class=\"wp-block-heading has-text-color\" style=\"color:#c48f27\"><strong>Location courte dur\u00e9e \/ vacances<\/strong><\/h2>\n\n\n<div class=\"wp-block-image\">\n<figure class=\"aligncenter is-resized\"><img decoding=\"async\" loading=\"lazy\" src=\"https:\/\/lapocheaviolons.fr\/wp-content\/uploads\/2019\/08\/Bourneau.png\" alt=\"\" class=\"wp-image-228\" width=\"299\" height=\"236\"\/><figcaption class=\"wp-element-caption\"><a href=\"https:\/\/chateaudebourneau.com\">Ch\u00e2teau de Bourneau, gites, mariages,&#8230;<\/a><\/figcaption><\/figure><\/div>\n\n\n<p>(id\u00e9ale pour les <strong>musiciens en vacances<\/strong> en Vend\u00e9e) : location \u00e0 la semaine &#8211; me <a href=\"https:\/\/lapocheaviolons.fr\/?page_id=10\">contacter<\/a> pour les tarifs<strong><br><\/strong><br><\/p>\n\n\n\n<h2 class=\"wp-block-heading has-text-color\" style=\"color:#c48f27\"><strong>\u00c0 chaque \u00e2ge sa taille&#8230;<\/strong><\/h2>\n\n\n<div class=\"wp-block-image\">\n<figure class=\"aligncenter size-large\"><img decoding=\"async\" loading=\"lazy\" width=\"1024\" height=\"660\" src=\"https:\/\/lapocheaviolons.fr\/wp-content\/uploads\/2021\/07\/locations-1024x660.png\" alt=\"\" class=\"wp-image-601\"\/><figcaption class=\"wp-element-caption\">P\u00eale-m\u00eale d&rsquo;instruments de location toutes tailles : violon, alto, violoncelle.<\/figcaption><\/figure><\/div>\n\n\n<p>Pour que chaque enfant puisse adopter une position confortable avec son instrument, il existe diff\u00e9rentes tailles d&rsquo;instrument :<\/p>\n\n\n\n<p>&#8211; 1\/16\u00b0 : pour les plus pr\u00e9coces, de 2 \u00e0 3 ans.&nbsp; <\/p>\n\n\n\n<p>&#8211;&nbsp;1\/8\u00b0 : de 4 \u00e0 6 ans<\/p>\n\n\n\n<p>&#8211; 1\/4 : de 6 \u00e0 8 ans &nbsp;<\/p>\n\n\n\n<p>&#8211; 1\/2 : de 8 \u00e0 10 ans<\/p>\n\n\n\n<p>&#8211; 3\/4 : de 10 \u00e0 12 ans <\/p>\n\n\n\n<p>&#8211; 4\/4 (= entier) : \u00e0 partir de 12-13 ans<\/p>\n\n\n\n<p>Ces informations sont indicatives car chaque enfant grandit \u00e0 son rythme. Je vous conseille de venir avec votre enfant afin de choisir pr\u00e9cis\u00e9ment&nbsp;la taille qui lui convient.<\/p>\n\n\n\n<p class=\"has-text-color\" style=\"color:#c48f27\"><strong>Attention : certaines tailles sont tr\u00e8s demand\u00e9es. Vous pouvez <a href=\"https:\/\/lapocheaviolons.fr\/?page_id=10\">r\u00e9server<\/a> un instrument d\u00e8s le mois de juin pour vous assurer de sa disponibilit\u00e9 \u00e0 la rentr\u00e9e.<\/strong><\/p>\n","protected":false},"excerpt":{"rendered":"<p>Location de Violon, Alto, Violoncelle Votre enfant d\u00e9sire\u00a0jouer de la musique ? Vous souhaitez \u00ab\u00a0vous y mettre\u00a0\u00bb sans \u00eatre certain d&rsquo;accrocher ? Pour permettre de d\u00e9buter, je vous propose une large gamme d&rsquo;instruments de location,\u00a0modernes\u00a0et anciens. 3 solutions pour d\u00e9buter selon vos envies et votre budget* : &#8211; la location MODIQUE : petit prix pour &hellip; <\/p>\n<p class=\"link-more\"><a href=\"https:\/\/lapocheaviolons.fr\/?page_id=51\" class=\"more-link\">Continuer la lecture<span class=\"screen-reader-text\"> de &laquo;&nbsp;Location&nbsp;&raquo;<\/span><\/a><\/p>\n","protected":false},"author":1,"featured_media":155,"parent":0,"menu_order":2,"comment_status":"closed","ping_status":"closed","template":"","meta":[],"_links":{"self":[{"href":"https:\/\/lapocheaviolons.fr\/index.php?rest_route=\/wp\/v2\/pages\/51"}],"collection":[{"href":"https:\/\/lapocheaviolons.fr\/index.php?rest_route=\/wp\/v2\/pages"}],"about":[{"href":"https:\/\/lapocheaviolons.fr\/index.php?rest_route=\/wp\/v2\/types\/page"}],"author":[{"embeddable":true,"href":"https:\/\/lapocheaviolons.fr\/index.php?rest_route=\/wp\/v2\/users\/1"}],"replies":[{"embeddable":true,"href":"https:\/\/lapocheaviolons.fr\/index.php?rest_route=%2Fwp%2Fv2%2Fcomments&post=51"}],"version-history":[{"count":55,"href":"https:\/\/lapocheaviolons.fr\/index.php?rest_route=\/wp\/v2\/pages\/51\/revisions"}],"predecessor-version":[{"id":882,"href":"https:\/\/lapocheaviolons.fr\/index.php?rest_route=\/wp\/v2\/pages\/51\/revisions\/882"}],"wp:featuredmedia":[{"embeddable":true,"href":"https:\/\/lapocheaviolons.fr\/index.php?rest_route=\/wp\/v2\/media\/155"}],"wp:attachment":[{"href":"https:\/\/lapocheaviolons.fr\/index.php?rest_route=%2Fwp%2Fv2%2Fmedia&parent=51"}],"curies":[{"name":"wp","href":"https:\/\/api.w.org\/{rel}","templated":true}]}}