{"id":9,"date":"2019-07-08T01:06:38","date_gmt":"2019-07-07T23:06:38","guid":{"rendered":"http:\/\/lapocheaviolons.fr\/?page_id=9"},"modified":"2025-09-04T12:18:46","modified_gmt":"2025-09-04T10:18:46","slug":"a-propos-de","status":"publish","type":"page","link":"https:\/\/lapocheaviolons.fr\/?page_id=9","title":{"rendered":"L&rsquo;atelier"},"content":{"rendered":"\n<h2 class=\"wp-block-heading has-text-align-center has-text-color\" style=\"color:#c48f27\"><strong>Fabrication + R\u00e9paration + Innovation + Formation = Luthi\u00e8re !<\/strong><\/h2>\n\n\n\n<h3 class=\"wp-block-heading has-text-color\" style=\"color:#c48f27\"><strong>Quatre<\/strong> <strong>m\u00e9tiers<\/strong> pour seule <strong>une femme<\/strong>\u2026<\/h3>\n\n\n\n<p><strong>Passionn\u00e9e par le travail artisanal <\/strong>et amoureuse de la <strong>musique<\/strong> depuis l\u2019enfance, j\u2019ai acquis <strong>mon savoir-faire et mes techniques<\/strong> gr\u00e2ce \u00e0 la formation de l\u2019\u00c9cole de Lutherie de Mirecourt (Dipl\u00f4me des M\u00e9tiers d\u2019Art &#8211; Luthier). Pour parfaire ma formation initiale, j\u2019ai effectu\u00e9 des stages aupr\u00e8s de luthiers reconnus, dans des ateliers prestigieux \u00e0 Strasbourg et <a rel=\"noreferrer noopener\" href=\"https:\/\/www.grantviolins.com.au\/about-us\" target=\"_blank\">Melbourne<\/a>. Je suis install\u00e9e \u00e0 La Roche sur Yon, Vend\u00e9e, depuis 2010.<\/p>\n\n\n<div class=\"wp-block-image is-style-rounded\">\n<figure class=\"aligncenter is-resized\"><img decoding=\"async\" loading=\"lazy\" src=\"https:\/\/lapocheaviolons.fr\/wp-content\/uploads\/2019\/08\/A-Mabire-Atelier-NB.png\" alt=\"\" class=\"wp-image-99\" width=\"353\" height=\"471\" srcset=\"https:\/\/lapocheaviolons.fr\/wp-content\/uploads\/2019\/08\/A-Mabire-Atelier-NB.png 471w, https:\/\/lapocheaviolons.fr\/wp-content\/uploads\/2019\/08\/A-Mabire-Atelier-NB-225x300.png 225w\" sizes=\"(max-width: 353px) 100vw, 353px\" \/><figcaption class=\"wp-element-caption\">Fa\u00e7onnage d&rsquo;une t\u00eate de violon par A. Mabire<\/figcaption><\/figure><\/div>\n\n\n<h3 class=\"wp-block-heading has-text-color\" style=\"color:#c48f27\">Mon <strong><em>premier m\u00e9tier<\/em><\/strong>, c\u2019est la <strong>fabrication de violons, altos violoncelles<\/strong>.<\/h3>\n\n\n\n<p>Les mod\u00e8les que je r\u00e9alise sont inspir\u00e9s des mod\u00e8les historiques : fran\u00e7ais, italiens et anglais du XVI\u00b0 au XVIII\u00b0 si\u00e8cles. Les <strong>bois<\/strong> (\u00e9rable, \u00e9pic\u00e9a et \u00e9b\u00e8ne) sont des essences s\u00e9lectionn\u00e9es et de haute qualit\u00e9. Ils sont travaill\u00e9s avec les <strong>outils traditionnels<\/strong> (canif, ciseau, rabot, gouge, lime,\u2026). La qualit\u00e9 et la pr\u00e9cision de mon <strong>travail manuel<\/strong> permettent de tirer le meilleur de chaque pi\u00e8ce bois, pour des instruments aux sonorit\u00e9s pr\u00e9cises, g\u00e9n\u00e9reuses et puissantes. Enfin, un grand soin est apport\u00e9 \u00e0 la <strong>finition<\/strong> de chaque mod\u00e8le, qui peut \u00eatre personnalis\u00e9e sur commande.<\/p>\n\n\n<div class=\"wp-block-image\">\n<figure class=\"aligncenter is-resized\"><img decoding=\"async\" loading=\"lazy\" src=\"https:\/\/lapocheaviolons.fr\/wp-content\/uploads\/2019\/08\/Cello-mod-Goffriller-2008-tete-3-4-763x1024.jpg\" alt=\"\" class=\"wp-image-111\" width=\"300\" height=\"400\"\/><figcaption class=\"wp-element-caption\">T\u00eate de violoncelle fabriqu\u00e9 par A. Mabire suivant un mod\u00e8le Goffriller, Venise, 1706<\/figcaption><\/figure><\/div>\n\n\n<h3 class=\"wp-block-heading has-text-color\" style=\"color:#c48f27\">Mon <strong><em>deuxi\u00e8me m\u00e9tier,<\/em><\/strong> c&rsquo;est la r\u00e9paration : je r\u00e9pare des violons anciens pour les proposer en <a href=\"https:\/\/lapocheaviolons.fr\/?page_id=51\">location<\/a> et en <strong><a href=\"https:\/\/lapocheaviolons.fr\/?page_id=49\">vente<\/a><\/strong>.<\/h3>\n\n\n\n<p> Install\u00e9e \u00e0 La Roche sur Yon depuis plus de dix ans, j&rsquo;ai une id\u00e9e fixe&#8230; m\u00eame les d\u00e9butants ont le droit de jouer sur <strong>des violons de grande qualit\u00e9<\/strong> \u00e0 un prix abordable !<\/p>\n\n\n<div class=\"wp-block-image\">\n<figure class=\"aligncenter is-resized\"><img decoding=\"async\" loading=\"lazy\" src=\"https:\/\/lapocheaviolons.fr\/wp-content\/uploads\/2019\/08\/re\u0301paration-violon-1024x684.jpg\" alt=\"\" class=\"wp-image-113\" width=\"300\" height=\"200\"\/><figcaption class=\"wp-element-caption\">table de violon avec taquets de r\u00e9paration<\/figcaption><\/figure><\/div>\n\n\n<p>Tous ceux et celles qui sont venus acheter des <a href=\"https:\/\/lapocheaviolons.fr\/?page_id=49\">instruments \u00e0 l\u2019atelier<\/a> vous le diront : ici, j\u2019apporte la m\u00eame exigence \u00e0 tous les instruments, des violons de d\u00e9butant aux violons de concert. Tous mes instruments sont r\u00e9par\u00e9s et r\u00e9gl\u00e9s patiemment pour qu\u2019<strong>ils permettent les progr\u00e8s <\/strong>avec un grand <strong>confort de jeu<\/strong> et <strong>restituent le meilleur<\/strong> du son.<\/p>\n\n\n\n<h3 class=\"wp-block-heading has-text-color\" style=\"color:#c48f27\">Mon <strong><em>troisi\u00e8me m\u00e9tier,<\/em><\/strong> c&rsquo;est l&rsquo;<strong>innovation<\/strong> !<\/h3>\n\n\n<div class=\"wp-block-image\">\n<figure class=\"aligncenter is-resized\"><img decoding=\"async\" loading=\"lazy\" src=\"https:\/\/lapocheaviolons.fr\/wp-content\/uploads\/2019\/08\/violon-e\u0301lectrique-1024x806.jpg\" alt=\"\" class=\"wp-image-169\" width=\"512\" height=\"403\"\/><figcaption class=\"wp-element-caption\">Prototype de violon \u00e9lectrique \u00e0 table modifi\u00e9e &#8211; version concert<\/figcaption><\/figure><\/div>\n\n\n<p>Et oui, ce m\u00e9tier vieux de plusieurs si\u00e8cles peut aussi rimer avec <strong>technique et nouveaut\u00e9<\/strong> ! Engag\u00e9e dans une d\u00e9marche <a href=\"https:\/\/lapocheaviolons.fr\/?page_id=273\">Z\u00e9ro D\u00e9chet<\/a> \u00e0 l&rsquo;atelier, je d\u00e9veloppe une solution de \u00ab\u00a0<a href=\"https:\/\/lapocheaviolons.fr\/?page_id=319\">recyclage<\/a>\u00a0\u00bb des  <strong>violons anciens trop ab\u00eem\u00e9s<\/strong> (piqu\u00e9s au vers, fractures trop graves,\u2026). J\u2019ai toujours eu de la peine \u00e0 annoncer qu\u2019un violon est \u00ab&nbsp;mort&nbsp;\u00bb pour la musique. Trop ab\u00eem\u00e9, pas rentable de le r\u00e9parer\u2026 Alors soit je le transforme en violon \u00e9lectrique en rempla\u00e7ant la table d&rsquo;harmonie&#8230; <\/p>\n\n\n<div class=\"wp-block-image\">\n<figure class=\"aligncenter size-large\"><a href=\"https:\/\/lapocheaviolons.fr\/?page_id=54\"><img decoding=\"async\" loading=\"lazy\" width=\"131\" height=\"131\" src=\"https:\/\/lapocheaviolons.fr\/wp-content\/uploads\/2021\/06\/0_Logo-Boite-en-bois-darbre-a-musique.png\" alt=\"\" class=\"wp-image-580\" srcset=\"https:\/\/lapocheaviolons.fr\/wp-content\/uploads\/2021\/06\/0_Logo-Boite-en-bois-darbre-a-musique.png 131w, https:\/\/lapocheaviolons.fr\/wp-content\/uploads\/2021\/06\/0_Logo-Boite-en-bois-darbre-a-musique-100x100.png 100w\" sizes=\"(max-width: 131px) 100vw, 131px\" \/><\/a><\/figure><\/div>\n\n\n<p>soit j\u2019ajoute <strong>une <a href=\"https:\/\/lapocheaviolons.fr\/?page_id=54\">bo\u00eete \u00e0 musique<\/a><\/strong> \u00e0 l\u2019instrument et je profite pleinement de la caisse de r\u00e9sonance pour amplifier la m\u00e9lodie. Le violon peut alors continuer \u00e0 jouer de la musique pour le plaisir des petits et des grands\u2026 <em>Info : Cette technique est enti\u00e8rement r\u00e9versible.<\/em><\/p>\n\n\n\n<h3 class=\"wp-block-heading has-text-color\" style=\"color:#c48f27\">Et mon <strong><em>quatri\u00e8me m\u00e9tier<\/em><\/strong> c&rsquo;est la formation. <\/h3>\n\n\n\n<p>Luthi\u00e8re, install\u00e9e \u00e0 mon compte en Vend\u00e9e depuis 15 ans, je souhaite aujourd\u2019hui <strong>transmettre le plaisir<\/strong> du travail du bois \u00e0 toutes celles et ceux qui ont envie d\u2019apprendre \u00e0 <strong>travailler avec la mati\u00e8re<\/strong>. Transmission des <strong>gestes<\/strong>, des \u00ab&nbsp;astuces&nbsp;\u00bb du <strong>m\u00e9tier<\/strong>, consignes de <strong>s\u00e9curit\u00e9<\/strong> et postures. Tout cela saupoudr\u00e9 de donn\u00e9es techniques pr\u00e9cises et d\u2019anecdotes historiques \u00e9clairantes : visitez le <a href=\"http:\/\/stage-luthier-vendee.fr\/\">site d\u00e9di\u00e9 aux stages<\/a> propos\u00e9s \u00e0 l\u2019atelier.<\/p>\n\n\n<div class=\"wp-block-image\">\n<figure class=\"aligncenter is-resized\"><img decoding=\"async\" loading=\"lazy\" src=\"https:\/\/lapocheaviolons.fr\/wp-content\/uploads\/2019\/08\/Stage-Musicien-1024x614.jpg\" alt=\"\" class=\"wp-image-115\" width=\"512\" height=\"307\"\/><figcaption class=\"wp-element-caption\">Participants \u00e0 un stage \u00ab\u00a0musiciens\u00a0\u00bb : apprendre \u00e0 prendre soin de son instrument, changer une corde et s&rsquo;accorder<\/figcaption><\/figure><\/div>\n\n\n<p>Chaque stagiaire arrive avec son (petit ou gros) bagage technique, c\u2019est pour cela que les stages sont toujours <strong>\u00ab&nbsp;sur-mesure&nbsp;\u00bb<\/strong>. Je conseille et j\u2019<strong>adapte<\/strong> le contenu pour que chaque <strong>stagiaire<\/strong> se sente \u00e0 l\u2019aise et progresse !<\/p>\n\n\n\n<p><strong>Attention :<\/strong> <em> je ne peux pas vous apprendre \u00e0 <strong>r\u00e9parer un violon<\/strong>, car cela n\u00e9cessite des centaines d\u2019heures de pratique et un outillage sp\u00e9cifique. Vous donner quelques conseils rapides serait hasardeux : si vous \u00eates en possession d\u2019un instrument qui est ab\u00eem\u00e9, le vrai conseil est de le <strong>confier \u00e0 un professionnel<\/strong>.<\/em><\/p>\n","protected":false},"excerpt":{"rendered":"<p>Fabrication + R\u00e9paration + Innovation + Formation = Luthi\u00e8re ! Quatre m\u00e9tiers pour seule une femme\u2026 Passionn\u00e9e par le travail artisanal et amoureuse de la musique depuis l\u2019enfance, j\u2019ai acquis mon savoir-faire et mes techniques gr\u00e2ce \u00e0 la formation de l\u2019\u00c9cole de Lutherie de Mirecourt (Dipl\u00f4me des M\u00e9tiers d\u2019Art &#8211; Luthier). Pour parfaire ma formation &hellip; <\/p>\n<p class=\"link-more\"><a href=\"https:\/\/lapocheaviolons.fr\/?page_id=9\" class=\"more-link\">Continuer la lecture<span class=\"screen-reader-text\"> de &laquo;&nbsp;L&rsquo;atelier&nbsp;&raquo;<\/span><\/a><\/p>\n","protected":false},"author":1,"featured_media":100,"parent":0,"menu_order":0,"comment_status":"closed","ping_status":"closed","template":"","meta":[],"_links":{"self":[{"href":"https:\/\/lapocheaviolons.fr\/index.php?rest_route=\/wp\/v2\/pages\/9"}],"collection":[{"href":"https:\/\/lapocheaviolons.fr\/index.php?rest_route=\/wp\/v2\/pages"}],"about":[{"href":"https:\/\/lapocheaviolons.fr\/index.php?rest_route=\/wp\/v2\/types\/page"}],"author":[{"embeddable":true,"href":"https:\/\/lapocheaviolons.fr\/index.php?rest_route=\/wp\/v2\/users\/1"}],"replies":[{"embeddable":true,"href":"https:\/\/lapocheaviolons.fr\/index.php?rest_route=%2Fwp%2Fv2%2Fcomments&post=9"}],"version-history":[{"count":52,"href":"https:\/\/lapocheaviolons.fr\/index.php?rest_route=\/wp\/v2\/pages\/9\/revisions"}],"predecessor-version":[{"id":905,"href":"https:\/\/lapocheaviolons.fr\/index.php?rest_route=\/wp\/v2\/pages\/9\/revisions\/905"}],"wp:featuredmedia":[{"embeddable":true,"href":"https:\/\/lapocheaviolons.fr\/index.php?rest_route=\/wp\/v2\/media\/100"}],"wp:attachment":[{"href":"https:\/\/lapocheaviolons.fr\/index.php?rest_route=%2Fwp%2Fv2%2Fmedia&parent=9"}],"curies":[{"name":"wp","href":"https:\/\/api.w.org\/{rel}","templated":true}]}}